{"id":2637,"date":"2016-04-13T13:37:11","date_gmt":"2016-04-13T13:37:11","guid":{"rendered":"http:\/\/ratio.edge-themes.com\/?page_id=2637"},"modified":"2018-06-25T11:18:44","modified_gmt":"2018-06-25T11:18:44","slug":"architecture-studio","status":"publish","type":"page","link":"https:\/\/ingenieriaprocon.com\/es\/","title":{"rendered":"Inicio"},"content":{"rendered":"<p>[vc_row][vc_column offset=\u00bbvc_col-sm-offset-0&#8243;][rev_slider_vc alias=\u00bbespa\u00f1ol\u00bb][\/vc_column][\/vc_row][vc_row content_width=\u00bbgrid\u00bb css=\u00bb.vc_custom_1519209461045{padding-bottom: 150px !important;}\u00bb][vc_column offset=\u00bbvc_col-lg-5 vc_col-md-12&#8243;]<div class=\"edgtf-elements-holder edgtf-responsive-mode-768\" ><div class=\"edgtf-elements-holder-item \"  >\n\t<div class=\"edgtf-elements-holder-item-background\" ><\/div>\n\t<div class=\"edgtf-elements-holder-item-inner\">\n\t\t<div class=\"edgtf-elements-holder-item-content edgtf-elements-holder-custom-113650\" style=\"padding: 34% 0% 8% 0%\">\n\t\t\t\t\t\t<style type=\"text\/css\" data-type=\"edgtf-elements-custom-padding\" scoped>\n\n\t\t\t\t\t\t\t\t@media only screen and (min-width: 1280px) and (max-width: 1439px) {\n\t\t\t\t\t.edgtf-elements-holder .edgtf-elements-holder-item-content.edgtf-elements-holder-custom-113650 {\n\t\t\t\t\t\tpadding: 21% 0% 19% 0% !important;\n\t\t\t\t\t}\n\t\t\t\t}\n\t\t\t\t\t\t\t\t\t\t\t\t\t@media only screen and (min-width: 1024px) and (max-width: 1280px) {\n\t\t\t\t\t\t.edgtf-elements-holder .edgtf-elements-holder-item-content.edgtf-elements-holder-custom-113650 {\n\t\t\t\t\t\t\tpadding: 22% 0% 20% 0%  !important;\n\t\t\t\t\t\t}\n\t\t\t\t\t}\n\t\t\t\t\t\t\t\t\t\t\t\t@media only screen and (min-width: 768px) and (max-width: 1024px) {\n\t\t\t\t\t.edgtf-elements-holder .edgtf-elements-holder-item-content.edgtf-elements-holder-custom-113650 {\n\t\t\t\t\t\tpadding: 13% 14% 0% 0% !important;\n\t\t\t\t\t}\n\t\t\t\t}\n\t\t\t\t\t\t\t\t\t\t\t\t@media only screen and (min-width: 600px) and (max-width: 768px) {\n\t\t\t\t\t.edgtf-elements-holder .edgtf-elements-holder-item-content.edgtf-elements-holder-custom-113650 {\n\t\t\t\t\t\tpadding: 13% 14% 0% 0% !important;\n\t\t\t\t\t}\n\t\t\t\t}\n\t\t\t\t\t\t\t\t\t\t\t\t@media only screen and (min-width: 480px) and (max-width: 600px) {\n\t\t\t\t\t.edgtf-elements-holder .edgtf-elements-holder-item-content.edgtf-elements-holder-custom-113650 {\n\t\t\t\t\t\tpadding: 19% 0% 1% 0% !important;\n\t\t\t\t\t}\n\t\t\t\t}\n\t\t\t\t\t\t\t\t\t\t\t\t@media only screen and (max-width: 480px) {\n\t\t\t\t\t.edgtf-elements-holder .edgtf-elements-holder-item-content.edgtf-elements-holder-custom-113650 {\n\t\t\t\t\t\tpadding: 19% 0% 1% 0% !important;\n\t\t\t\t\t}\n\t\t\t\t}\n\t\t\t\t\t\t\t\t<\/style>\n\t\t\t\t\t\t[vc_column_text]<\/p>\n<h2>Ingenier\u00eda Procon<\/h2>\n<p>[\/vc_column_text][vc_empty_space height=\u00bb15px\u00bb]<div class=\"edgtf-separator-holder clearfix  edgtf-separator-left\">\n\t<div class=\"edgtf-separator\" style=\"border-color: #e7bd74;border-style: solid;width: 50px;border-bottom-width: 1px;margin-top: 16px;margin-bottom: 16px\"><\/div>\n<\/div>\n[vc_column_text]<b>Es una ingenier\u00eda<\/b> que desde sus comienzos en 2004 tiene como objetivo ofrecer tanto al sector p\u00fablico como privado un servicio en materia de Gesti\u00f3n Integral de Proyectos de Ingenier\u00eda,\u00a0 Urbanismo y Arquitectura basado en la eficiencia, la calidad y la innovaci\u00f3n.<\/p>\n<p><strong>INGENIER\u00cdA PROCON<\/strong> ha consolidado un equipo pluridisciplinar, formado por profesionales experimentados y altamente cualificados que generan confianza en nuestros clientes\u00a0satisfaciendo sus expectativas con soluciones eficientes y de calidad.<\/p>\n<p>La evoluci\u00f3n de <strong>INGENIER\u00cdA PROCON<\/strong> desde su creaci\u00f3n ha sido constante y organizada en la que tiene un papel fundamental la aplicaci\u00f3n de las innovaciones t\u00e9cnicas y tecnol\u00f3gicas a todos los servicios que prestamos en los diferentes \u00e1mbitos de la ingenier\u00eda civil, urbanismo y arquitectura, y en particular a los servicios de redacci\u00f3n de proyectos y\u00a0direcci\u00f3n de obras.[\/vc_column_text]\t\t\t\t\t<\/div>\n\t<\/div>\n<\/div><\/div>[\/vc_column][vc_column offset=\u00bbvc_col-lg-7 vc_col-md-12&#8243;]<div class=\"edgtf-elements-holder edgtf-responsive-mode-768\" ><div class=\"edgtf-elements-holder-item \"  >\n\t<div class=\"edgtf-elements-holder-item-background\" ><\/div>\n\t<div class=\"edgtf-elements-holder-item-inner\">\n\t\t<div class=\"edgtf-elements-holder-item-content edgtf-elements-holder-custom-276364\" style=\"padding: 18% 0 9% 0\">\n\t\t\t\t\t\t<style type=\"text\/css\" data-type=\"edgtf-elements-custom-padding\" scoped>\n\n\t\t\t\t\t\t\t\t@media only screen and (min-width: 1280px) and (max-width: 1439px) {\n\t\t\t\t\t.edgtf-elements-holder .edgtf-elements-holder-item-content.edgtf-elements-holder-custom-276364 {\n\t\t\t\t\t\tpadding: 16% 0 11% 0 !important;\n\t\t\t\t\t}\n\t\t\t\t}\n\t\t\t\t\t\t\t\t\t\t\t\t\t@media only screen and (min-width: 1024px) and (max-width: 1280px) {\n\t\t\t\t\t\t.edgtf-elements-holder .edgtf-elements-holder-item-content.edgtf-elements-holder-custom-276364 {\n\t\t\t\t\t\t\tpadding: 15% 0 7% 0  !important;\n\t\t\t\t\t\t}\n\t\t\t\t\t}\n\t\t\t\t\t\t\t\t\t\t\t\t@media only screen and (min-width: 768px) and (max-width: 1024px) {\n\t\t\t\t\t.edgtf-elements-holder .edgtf-elements-holder-item-content.edgtf-elements-holder-custom-276364 {\n\t\t\t\t\t\tpadding: 13% 0 6% 0 !important;\n\t\t\t\t\t}\n\t\t\t\t}\n\t\t\t\t\t\t\t\t\t\t\t\t@media only screen and (min-width: 600px) and (max-width: 768px) {\n\t\t\t\t\t.edgtf-elements-holder .edgtf-elements-holder-item-content.edgtf-elements-holder-custom-276364 {\n\t\t\t\t\t\tpadding: 13% 0 6% 0 !important;\n\t\t\t\t\t}\n\t\t\t\t}\n\t\t\t\t\t\t\t\t\t\t\t\t@media only screen and (min-width: 480px) and (max-width: 600px) {\n\t\t\t\t\t.edgtf-elements-holder .edgtf-elements-holder-item-content.edgtf-elements-holder-custom-276364 {\n\t\t\t\t\t\tpadding: 18% 0 13% 0 !important;\n\t\t\t\t\t}\n\t\t\t\t}\n\t\t\t\t\t\t\t\t\t\t\t\t@media only screen and (max-width: 480px) {\n\t\t\t\t\t.edgtf-elements-holder .edgtf-elements-holder-item-content.edgtf-elements-holder-custom-276364 {\n\t\t\t\t\t\tpadding: 18% 0 13% 0 !important;\n\t\t\t\t\t}\n\t\t\t\t}\n\t\t\t\t\t\t\t\t<\/style>\n\t\t\t\t\t\t[vc_empty_space height=\u00bb62px\u00bb][vc_single_image image=\u00bb7692&#8243; img_size=\u00bbfull\u00bb]\t\t\t\t\t<\/div>\n\t<\/div>\n<\/div><\/div>[\/vc_column][\/vc_row][vc_row content_width=\u00bbgrid\u00bb content_aligment=\u00bbcenter\u00bb background_gradient=\u00bbyes\u00bb css=\u00bb.vc_custom_1518107097243{padding-top: 73px !important;padding-bottom: 73px !important;}\u00bb gradient_first_color=\u00bb#3c214e\u00bb gradient_second_color=\u00bb#3c214e\u00bb][vc_column][vc_column_text]<\/p>\n<h3><span style=\"color: #ffffff;\">GESTI\u00d3N INTEGRAL DE PROYECTOS DE INGENIER\u00cdA, URBANISMO Y ARQUITECTURA.<\/span><\/h3>\n<h3><span style=\"color: #ffffff;\">BASADO EN LA EFICIENCIA, LA CALIDAD Y LA INNOVACI\u00d3N.<\/span><\/h3>\n<p>[\/vc_column_text][\/vc_column][\/vc_row][vc_row content_width=\u00bbgrid\u00bb content_aligment=\u00bbcenter\u00bb css=\u00bb.vc_custom_1518104728046{padding-top: 73px !important;padding-bottom: 73px !important;}\u00bb][vc_column][vc_row_inner][vc_column_inner][vc_column_text]<\/p>\n<h2 style=\"text-align: center;\">Nuestros Servicios<\/h2>\n<p>[\/vc_column_text][vc_empty_space height=\u00bb20px\u00bb]<div class=\"edgtf-separator-holder clearfix  edgtf-separator-center\">\n\t<div class=\"edgtf-separator\" style=\"border-color: #e7bd74;border-style: solid;width: 50px;border-bottom-width: 1px;margin-top: 16px;margin-bottom: 16px\"><\/div>\n<\/div>\n[vc_empty_space height=\u00bb40px\u00bb][\/vc_column_inner][\/vc_row_inner][vc_row_inner][vc_column_inner width=\u00bb1\/3&#8243;][vc_single_image image=\u00bb7298&#8243; img_size=\u00bbfull\u00bb][vc_empty_space height=\u00bb29px\u00bb][vc_column_text]<\/p>\n<h3>INGENIER\u00cdA<\/h3>\n<p>[\/vc_column_text][vc_empty_space height=\u00bb15px\u00bb][vc_column_text]Procon cuenta con una amplia experiencia en el sector de la ingenier\u00eda ofreciendo servicios como obras hidr\u00e1ulicas, infraestructuras del transporte, ingenier\u00eda el\u00e9ctrica y en la ejecuci\u00f3n de proyectos de energ\u00edas renovables. Siempre comprometidos con la satisfacci\u00f3n del cliente.[\/vc_column_text][vc_empty_space height=\u00bb7px\u00bb]<a href=\"http:\/\/ingenieriaprocon.com\/index.php\/obras-hidraulicas\/agua\/\" target=\"_self\"  class=\"edgtf-btn edgtf-btn-medium edgtf-btn-transparent edgtf-btn-icon\"  >\n    <span class=\"edgtf-btn-text\">Ver m\u00e1s<\/span><span aria-hidden=\"true\" class=\"edgtf-icon-font-elegant arrow_right edgtf-btn-icon-holder\" style=\"\" ><\/span>    <span class=\"edgtf-btn-background-holder\" ><\/span>\n    <span class=\"edgtf-btn-background-hover-holder\" ><\/span>\n<\/a>[vc_empty_space height=\u00bb40px\u00bb][\/vc_column_inner][vc_column_inner width=\u00bb1\/3&#8243;][vc_single_image image=\u00bb7299&#8243; img_size=\u00bbfull\u00bb][vc_empty_space height=\u00bb29px\u00bb][vc_column_text]<\/p>\n<h3>URBANISMO<\/h3>\n<p>[\/vc_column_text][vc_empty_space height=\u00bb15px\u00bb][vc_column_text]Ofrecemos servicios de planificaci\u00f3n urbana y territorial desde el planteamiento general hasta los planes de desarrollo. Contamos con un equipo multidisciplinar que nos permite ofrecer soluciones o enfoques personalizados a cada cliente.[\/vc_column_text][vc_empty_space height=\u00bb7px\u00bb]<a href=\"http:\/\/ingenieriaprocon.com\/index.php\/urbanismo\/planeamiento-urbanistico\/\" target=\"_self\"  class=\"edgtf-btn edgtf-btn-medium edgtf-btn-transparent edgtf-btn-icon\"  >\n    <span class=\"edgtf-btn-text\">Ver m\u00e1s<\/span><span aria-hidden=\"true\" class=\"edgtf-icon-font-elegant arrow_right edgtf-btn-icon-holder\" style=\"\" ><\/span>    <span class=\"edgtf-btn-background-holder\" ><\/span>\n    <span class=\"edgtf-btn-background-hover-holder\" ><\/span>\n<\/a>[vc_empty_space height=\u00bb40px\u00bb][\/vc_column_inner][vc_column_inner width=\u00bb1\/3&#8243;][vc_single_image image=\u00bb7300&#8243; img_size=\u00bbfull\u00bb][vc_empty_space height=\u00bb29px\u00bb][vc_column_text]<\/p>\n<h3>ARQUITECTURA<\/h3>\n<p>[\/vc_column_text][vc_empty_space height=\u00bb15px\u00bb][vc_column_text]Contamos con una amplia experiencia en el desarrollo de proyectos de arquitectura y direcci\u00f3n integral de todo tipo de edificios p\u00fablicos y privados: edificios de oficinas, conjuntos residenciales, centros comerciales, naves industriales, etc..[\/vc_column_text][vc_empty_space height=\u00bb7px\u00bb]<a href=\"http:\/\/ingenieriaprocon.com\/index.php\/arquitectura\/edificacion-industrial\/\" target=\"_self\"  class=\"edgtf-btn edgtf-btn-medium edgtf-btn-transparent edgtf-btn-icon\"  >\n    <span class=\"edgtf-btn-text\">Ver m\u00e1s<\/span><span aria-hidden=\"true\" class=\"edgtf-icon-font-elegant arrow_right edgtf-btn-icon-holder\" style=\"\" ><\/span>    <span class=\"edgtf-btn-background-holder\" ><\/span>\n    <span class=\"edgtf-btn-background-hover-holder\" ><\/span>\n<\/a>[vc_empty_space height=\u00bb40px\u00bb][\/vc_column_inner][\/vc_row_inner][\/vc_column][\/vc_row][vc_row content_width=\u00bbgrid\u00bb css=\u00bb.vc_custom_1519315857407{padding-top: 80px !important;padding-bottom: 80px !important;background-color: #f4f4f4 !important;}\u00bb][vc_column offset=\u00bbvc_col-lg-3 vc_col-md-3&#8243;]<div class=\"edgtf-iwt clearfix edgtf-iwt-icon-top edgtf-iwt-icon-tiny\">\n    <div class=\"edgtf-iwt-icon-holder\">\n                    \n    <span class=\"edgtf-icon-shortcode circle\" style=\"width: 94px;height: 94px;line-height: 94px\" data-hover-color=\"#ffffff\" data-color=\"#ffffff\">\n                <span class=\"edgtf-icon-background-holder\" style=\"background-color: #252525\"><\/span>\n        <span class=\"edgtf-icon-background-hover-holder\" ><\/span>\n                            <a href=\"http:\/\/ingenieriaprocon.com\/index.php\/i-d-i\/\" target=\"_blank\" >\n        \n        <i class=\"edgtf-icon-linea-icon icon-basic-lightbulb edgtf-icon-element\" style=\"color: #ffffff;font-size:40px\" ><\/i>\n                    <\/a>\n            <\/span>\n\n            <\/div>\n    <div class=\"edgtf-iwt-content-holder\" >\n        <div class=\"edgtf-iwt-title-holder\">\n            <h4 >Innovaci\u00f3n<\/h4>\n        <\/div>\n        <div class=\"edgtf-iwt-text-holder\">\n            <p ><\/p>\n\n                    <\/div>\n    <\/div>\n<\/div>[vc_empty_space height=\u00bb40px\u00bb][\/vc_column][vc_column offset=\u00bbvc_col-lg-3 vc_col-md-3&#8243;]<div class=\"edgtf-iwt clearfix edgtf-iwt-icon-top edgtf-iwt-icon-tiny\">\n    <div class=\"edgtf-iwt-icon-holder\">\n                    \n    <span class=\"edgtf-icon-shortcode circle\" style=\"width: 94px;height: 94px;line-height: 94px\" data-hover-color=\"#ffffff\" data-color=\"#ffffff\">\n                <span class=\"edgtf-icon-background-holder\" style=\"background-color: #252525\"><\/span>\n        <span class=\"edgtf-icon-background-hover-holder\" ><\/span>\n                \n        <i class=\"edgtf-icon-linea-icon icon-basic-heart edgtf-icon-element\" style=\"color: #ffffff;font-size:40px\" ><\/i>\n            <\/span>\n\n            <\/div>\n    <div class=\"edgtf-iwt-content-holder\" >\n        <div class=\"edgtf-iwt-title-holder\">\n            <h4 >Confianza<\/h4>\n        <\/div>\n        <div class=\"edgtf-iwt-text-holder\">\n            <p ><\/p>\n\n                    <\/div>\n    <\/div>\n<\/div>[vc_empty_space height=\u00bb40px\u00bb][\/vc_column][vc_column offset=\u00bbvc_col-lg-3 vc_col-md-3&#8243;]<div class=\"edgtf-iwt clearfix edgtf-iwt-icon-top edgtf-iwt-icon-tiny\">\n    <div class=\"edgtf-iwt-icon-holder\">\n                    \n    <span class=\"edgtf-icon-shortcode circle\" style=\"width: 94px;height: 94px;line-height: 94px\" data-hover-color=\"#ffffff\" data-color=\"#ffffff\">\n                <span class=\"edgtf-icon-background-holder\" style=\"background-color: #252525\"><\/span>\n        <span class=\"edgtf-icon-background-hover-holder\" ><\/span>\n                \n        <i class=\"edgtf-icon-linea-icon icon-basic-pencil-ruler edgtf-icon-element\" style=\"color: #ffffff;font-size:40px\" ><\/i>\n            <\/span>\n\n            <\/div>\n    <div class=\"edgtf-iwt-content-holder\" >\n        <div class=\"edgtf-iwt-title-holder\">\n            <h4 >Calidad<\/h4>\n        <\/div>\n        <div class=\"edgtf-iwt-text-holder\">\n            <p ><\/p>\n\n                    <\/div>\n    <\/div>\n<\/div>[vc_empty_space height=\u00bb40px\u00bb][\/vc_column][vc_column offset=\u00bbvc_col-lg-3 vc_col-md-3&#8243;]<div class=\"edgtf-iwt clearfix edgtf-iwt-icon-top edgtf-iwt-icon-tiny\">\n    <div class=\"edgtf-iwt-icon-holder\">\n                    \n    <span class=\"edgtf-icon-shortcode circle\" style=\"width: 94px;height: 94px;line-height: 94px\" data-hover-color=\"#ffffff\" data-color=\"#ffffff\">\n                <span class=\"edgtf-icon-background-holder\" style=\"background-color: #252525\"><\/span>\n        <span class=\"edgtf-icon-background-hover-holder\" ><\/span>\n                \n        <i class=\"edgtf-icon-linea-icon icon-basic-world edgtf-icon-element\" style=\"color: #ffffff;font-size:40px\" ><\/i>\n            <\/span>\n\n            <\/div>\n    <div class=\"edgtf-iwt-content-holder\" >\n        <div class=\"edgtf-iwt-title-holder\">\n            <h4 >Compromiso<\/h4>\n        <\/div>\n        <div class=\"edgtf-iwt-text-holder\">\n            <p ><\/p>\n\n                    <\/div>\n    <\/div>\n<\/div>[vc_empty_space height=\u00bb40px\u00bb][\/vc_column][\/vc_row][vc_row content_width=\u00bbgrid\u00bb content_aligment=\u00bbcenter\u00bb background_gradient=\u00bbyes\u00bb css=\u00bb.vc_custom_1518107081234{padding-top: 73px !important;padding-bottom: 73px !important;}\u00bb gradient_first_color=\u00bb#3c214e\u00bb gradient_second_color=\u00bb#3c214e\u00bb][vc_column][vc_column_text]<\/p>\n<h3><span style=\"color: #ffffff;\">SATISFACIENDO SUS EXPECTATIVAS CON SOLUCIONES EFICIENTES Y DE CALIDAD.<\/span><\/h3>\n<p>[\/vc_column_text][\/vc_column][\/vc_row][vc_row content_width=\u00bbgrid\u00bb css=\u00bb.vc_custom_1460560839689{padding-top: 60px !important;padding-bottom: 60px !important;background-color: #1c1c1c !important;}\u00bb][vc_column]<div class=\"edgtf-carousel-holder clearfix\"><div class=\"edgtf-carousel edgtf-slick-slider-navigation-style\" data-items=\"5\" data-arrows-navigation=\"no\" data-dots-navigation=\"no\"><div class=\"edgtf-carousel-item-holder\">\n\t\t<a href=\"http:\/\/ingenieriaprocon.com\/index.php\/infraestructuras-del-transporte\/carreteras\/\" target=\"_self\">\n\t\t\t\t\t\t<span class=\"edgtf-carousel-first-image-holder  edgtf-underline\">\n\t\t\t\t<img decoding=\"async\" src=\"http:\/\/ingenieriaprocon.com\/wp-content\/uploads\/2018\/03\/edificio-carousel-2-1.png\" alt=\"Carreteras\">\n\t\t\t\t<span class=\"edgtf-carousel-underline\"><\/span>\t\t\t<\/span>\n\t\t\t\t\t\t<\/a>\n\t<\/div><div class=\"edgtf-carousel-item-holder\">\n\t\t<a href=\"http:\/\/ingenieriaprocon.com\/index.php\/arquitectura\/edificacion-deportiva\/\" target=\"_self\">\n\t\t\t\t\t\t<span class=\"edgtf-carousel-first-image-holder  edgtf-underline\">\n\t\t\t\t<img decoding=\"async\" src=\"http:\/\/ingenieriaprocon.com\/wp-content\/uploads\/2018\/03\/edificio-carousel-18-copia.png\" alt=\"Edificaci\u00f3n Deportiva\">\n\t\t\t\t<span class=\"edgtf-carousel-underline\"><\/span>\t\t\t<\/span>\n\t\t\t\t\t\t<\/a>\n\t<\/div><div class=\"edgtf-carousel-item-holder\">\n\t\t<a href=\"http:\/\/ingenieriaprocon.com\/index.php\/arquitectura\/edificacion-residencial\/\" target=\"_self\">\n\t\t\t\t\t\t<span class=\"edgtf-carousel-first-image-holder  edgtf-underline\">\n\t\t\t\t<img decoding=\"async\" src=\"http:\/\/ingenieriaprocon.com\/wp-content\/uploads\/2018\/03\/edificio-carousel-15.png\" alt=\"Edificaci\u00f3n Residencial\">\n\t\t\t\t<span class=\"edgtf-carousel-underline\"><\/span>\t\t\t<\/span>\n\t\t\t\t\t\t<\/a>\n\t<\/div><div class=\"edgtf-carousel-item-holder\">\n\t\t<a href=\"http:\/\/ingenieriaprocon.com\/index.php\/energia\/energia-electrica\/\" target=\"_self\">\n\t\t\t\t\t\t<span class=\"edgtf-carousel-first-image-holder  edgtf-underline\">\n\t\t\t\t<img decoding=\"async\" src=\"http:\/\/ingenieriaprocon.com\/wp-content\/uploads\/2018\/03\/edificio-carousel-1-1.png\" alt=\"Energ\u00eda\">\n\t\t\t\t<span class=\"edgtf-carousel-underline\"><\/span>\t\t\t<\/span>\n\t\t\t\t\t\t<\/a>\n\t<\/div><div class=\"edgtf-carousel-item-holder\">\n\t\t<a href=\"http:\/\/ingenieriaprocon.com\/index.php\/arquitectura\/edificacion-industrial\/\" target=\"_self\">\n\t\t\t\t\t\t<span class=\"edgtf-carousel-first-image-holder  edgtf-underline\">\n\t\t\t\t<img decoding=\"async\" src=\"http:\/\/ingenieriaprocon.com\/wp-content\/uploads\/2018\/03\/edificio-carousel-4.png\" alt=\"Industrial\">\n\t\t\t\t<span class=\"edgtf-carousel-underline\"><\/span>\t\t\t<\/span>\n\t\t\t\t\t\t<\/a>\n\t<\/div><div class=\"edgtf-carousel-item-holder\">\n\t\t<a href=\"http:\/\/ingenieriaprocon.com\/index.php\/obras-hidraulicas\/agua\/\" target=\"_self\">\n\t\t\t\t\t\t<span class=\"edgtf-carousel-first-image-holder  edgtf-underline\">\n\t\t\t\t<img decoding=\"async\" src=\"http:\/\/ingenieriaprocon.com\/wp-content\/uploads\/2018\/03\/edificio-carousel-7-1.png\" alt=\"Obras Hidr\u00e1ulicas\">\n\t\t\t\t<span class=\"edgtf-carousel-underline\"><\/span>\t\t\t<\/span>\n\t\t\t\t\t\t<\/a>\n\t<\/div><div class=\"edgtf-carousel-item-holder\">\n\t\t<a href=\"http:\/\/ingenieriaprocon.com\/index.php\/infraestructuras-del-transporte\/puertos\/\" target=\"_self\">\n\t\t\t\t\t\t<span class=\"edgtf-carousel-first-image-holder  edgtf-underline\">\n\t\t\t\t<img decoding=\"async\" src=\"http:\/\/ingenieriaprocon.com\/wp-content\/uploads\/2018\/03\/edificio-carousel-17.png\" alt=\"Puertos\">\n\t\t\t\t<span class=\"edgtf-carousel-underline\"><\/span>\t\t\t<\/span>\n\t\t\t\t\t\t<\/a>\n\t<\/div><div class=\"edgtf-carousel-item-holder\">\n\t\t<a href=\"http:\/\/ingenieriaprocon.com\/index.php\/obras-hidraulicas\/saneamiento\/\" target=\"_self\">\n\t\t\t\t\t\t<span class=\"edgtf-carousel-first-image-holder  edgtf-underline\">\n\t\t\t\t<img decoding=\"async\" src=\"http:\/\/ingenieriaprocon.com\/wp-content\/uploads\/2018\/03\/edificio-carousel-16.png\" alt=\"Saneamiento\">\n\t\t\t\t<span class=\"edgtf-carousel-underline\"><\/span>\t\t\t<\/span>\n\t\t\t\t\t\t<\/a>\n\t<\/div><div class=\"edgtf-carousel-item-holder\">\n\t\t<a href=\"http:\/\/ingenieriaprocon.com\/index.php\/urbanismo\/gestion-urbanistica\/\" target=\"_self\">\n\t\t\t\t\t\t<span class=\"edgtf-carousel-first-image-holder  edgtf-underline\">\n\t\t\t\t<img decoding=\"async\" src=\"http:\/\/ingenieriaprocon.com\/wp-content\/uploads\/2018\/03\/edificio-carousel-19.png\" alt=\"Urbanismo\">\n\t\t\t\t<span class=\"edgtf-carousel-underline\"><\/span>\t\t\t<\/span>\n\t\t\t\t\t\t<\/a>\n\t<\/div><\/div><\/div>[\/vc_column][\/vc_row]<\/p>\n","protected":false},"excerpt":{"rendered":"<p>[vc_row][vc_column offset=\u00bbvc_col-sm-offset-0&#8243;][rev_slider_vc alias=\u00bbespa\u00f1ol\u00bb][\/vc_column][\/vc_row][vc_row content_width=\u00bbgrid\u00bb css=\u00bb.vc_custom_1519209461045{padding-bottom: 150px !important;}\u00bb][vc_column offset=\u00bbvc_col-lg-5 vc_col-md-12&#8243;][\/vc_column][vc_column offset=\u00bbvc_col-lg-7 vc_col-md-12&#8243;][\/vc_column][\/vc_row][vc_row content_width=\u00bbgrid\u00bb content_aligment=\u00bbcenter\u00bb background_gradient=\u00bbyes\u00bb css=\u00bb.vc_custom_1518107097243{padding-top: 73px !important;padding-bottom: 73px !important;}\u00bb gradient_first_color=\u00bb#3c214e\u00bb gradient_second_color=\u00bb#3c214e\u00bb][vc_column][vc_column_text] GESTI\u00d3N INTEGRAL DE PROYECTOS DE INGENIER\u00cdA, URBANISMO Y ARQUITECTURA. BASADO EN LA EFICIENCIA, LA CALIDAD Y LA INNOVACI\u00d3N. [\/vc_column_text][\/vc_column][\/vc_row][vc_row content_width=\u00bbgrid\u00bb content_aligment=\u00bbcenter\u00bb css=\u00bb.vc_custom_1518104728046{padding-top: 73px !important;padding-bottom:&#8230;<\/p>\n","protected":false},"author":1,"featured_media":0,"parent":0,"menu_order":0,"comment_status":"closed","ping_status":"closed","template":"full-width.php","meta":{"footnotes":""},"class_list":["post-2637","page","type-page","status-publish","hentry"],"_links":{"self":[{"href":"https:\/\/ingenieriaprocon.com\/es\/wp-json\/wp\/v2\/pages\/2637","targetHints":{"allow":["GET"]}}],"collection":[{"href":"https:\/\/ingenieriaprocon.com\/es\/wp-json\/wp\/v2\/pages"}],"about":[{"href":"https:\/\/ingenieriaprocon.com\/es\/wp-json\/wp\/v2\/types\/page"}],"author":[{"embeddable":true,"href":"https:\/\/ingenieriaprocon.com\/es\/wp-json\/wp\/v2\/users\/1"}],"replies":[{"embeddable":true,"href":"https:\/\/ingenieriaprocon.com\/es\/wp-json\/wp\/v2\/comments?post=2637"}],"version-history":[{"count":89,"href":"https:\/\/ingenieriaprocon.com\/es\/wp-json\/wp\/v2\/pages\/2637\/revisions"}],"predecessor-version":[{"id":7974,"href":"https:\/\/ingenieriaprocon.com\/es\/wp-json\/wp\/v2\/pages\/2637\/revisions\/7974"}],"wp:attachment":[{"href":"https:\/\/ingenieriaprocon.com\/es\/wp-json\/wp\/v2\/media?parent=2637"}],"curies":[{"name":"wp","href":"https:\/\/api.w.org\/{rel}","templated":true}]}}