{"id":6625,"date":"2018-02-19T11:30:39","date_gmt":"2018-02-19T11:30:39","guid":{"rendered":"http:\/\/nueva.ingenieriaprocon.com\/?page_id=6625"},"modified":"2018-06-21T17:06:05","modified_gmt":"2018-06-21T17:06:05","slug":"ferrocarriles","status":"publish","type":"page","link":"https:\/\/ingenieriaprocon.com\/es\/infraestructuras-del-transporte\/ferrocarriles\/","title":{"rendered":"Ferrocarriles"},"content":{"rendered":"<p>[vc_row][vc_column][vc_empty_space height=\u00bb0&#8243; css=\u00bb.vc_custom_1464093011147{margin-top: -9px !important;}\u00bb][\/vc_column][\/vc_row][vc_row][vc_column][vc_single_image image=\u00bb7818&#8243; img_size=\u00bbfull\u00bb][\/vc_column][\/vc_row][vc_row css=\u00bb.vc_custom_1462367302295{padding-top: 40px !important;}\u00bb][vc_column][vc_column_text]<strong>INGENIER\u00cdA PROCON<\/strong> ofrece servicios de ingenier\u00eda integral en el desarrollo de proyectos ferroviarios.<\/p>\n<p>Nuestros servicios en esta categor\u00eda incluyen:<\/p>\n<p><strong>Estudios<br \/>\n<\/strong>&#8211; Estudios de viabilidad, factibilidad y costes.<br \/>\n&#8211; Estudios de tr\u00e1fico.<br \/>\n&#8211; Estudios de seguridad.<br \/>\n&#8211; Estudios de impacto ambiental e integraci\u00f3n paisaj\u00edstica.<br \/>\n&#8211; Levantamiento topogr\u00e1fico.<br \/>\n&#8211; Conceptualizaci\u00f3n y anteproyecto.<br \/>\n&#8211; Tramites con organismos.<\/p>\n<p><strong>Dise\u00f1o<br \/>\n<\/strong>&#8211; Proyectos de v\u00edas y electrificaci\u00f3n.<br \/>\n&#8211; Proyectos de viaductos y t\u00faneles.<br \/>\n&#8211; Proyectos de estaciones ferroviarias.<br \/>\n&#8211; Proyectos de interiorismo.<br \/>\n&#8211; Sistemas de seguridad.<br \/>\n&#8211; Sistemas de se\u00f1alizaci\u00f3n viaria.<br \/>\n&#8211; Sistema de informaci\u00f3n a pasajeros.<br \/>\n&#8211; Movimientos de tierra.<br \/>\n&#8211; Proyectos As-Built.<br \/>\n&#8211; Modelado 3d.<\/p>\n<p><strong>Direcci\u00f3n de obra<br \/>\n<\/strong>&#8211; Control y Supervisi\u00f3n de las obras.<\/p>\n<p><strong>Explotaci\u00f3n<br \/>\n<\/strong>&#8211; Manuales.[\/vc_column_text][\/vc_column][\/vc_row]<\/p>\n","protected":false},"excerpt":{"rendered":"<p>[vc_row][vc_column][vc_empty_space height=\u00bb0&#8243; css=\u00bb.vc_custom_1464093011147{margin-top: -9px !important;}\u00bb][\/vc_column][\/vc_row][vc_row][vc_column][vc_single_image image=\u00bb7818&#8243; img_size=\u00bbfull\u00bb][\/vc_column][\/vc_row][vc_row css=\u00bb.vc_custom_1462367302295{padding-top: 40px !important;}\u00bb][vc_column][vc_column_text]INGENIER\u00cdA PROCON ofrece servicios de ingenier\u00eda integral en el desarrollo de proyectos ferroviarios. Nuestros servicios en esta categor\u00eda incluyen: Estudios &#8211; Estudios de viabilidad, factibilidad y costes. &#8211; Estudios de tr\u00e1fico. &#8211; Estudios de seguridad. &#8211;&#8230;<\/p>\n","protected":false},"author":1,"featured_media":0,"parent":6620,"menu_order":0,"comment_status":"closed","ping_status":"closed","template":"","meta":{"footnotes":""},"class_list":["post-6625","page","type-page","status-publish","hentry"],"_links":{"self":[{"href":"https:\/\/ingenieriaprocon.com\/es\/wp-json\/wp\/v2\/pages\/6625","targetHints":{"allow":["GET"]}}],"collection":[{"href":"https:\/\/ingenieriaprocon.com\/es\/wp-json\/wp\/v2\/pages"}],"about":[{"href":"https:\/\/ingenieriaprocon.com\/es\/wp-json\/wp\/v2\/types\/page"}],"author":[{"embeddable":true,"href":"https:\/\/ingenieriaprocon.com\/es\/wp-json\/wp\/v2\/users\/1"}],"replies":[{"embeddable":true,"href":"https:\/\/ingenieriaprocon.com\/es\/wp-json\/wp\/v2\/comments?post=6625"}],"version-history":[{"count":11,"href":"https:\/\/ingenieriaprocon.com\/es\/wp-json\/wp\/v2\/pages\/6625\/revisions"}],"predecessor-version":[{"id":7934,"href":"https:\/\/ingenieriaprocon.com\/es\/wp-json\/wp\/v2\/pages\/6625\/revisions\/7934"}],"up":[{"embeddable":true,"href":"https:\/\/ingenieriaprocon.com\/es\/wp-json\/wp\/v2\/pages\/6620"}],"wp:attachment":[{"href":"https:\/\/ingenieriaprocon.com\/es\/wp-json\/wp\/v2\/media?parent=6625"}],"curies":[{"name":"wp","href":"https:\/\/api.w.org\/{rel}","templated":true}]}}