{"id":6680,"date":"2018-02-20T09:57:26","date_gmt":"2018-02-20T09:57:26","guid":{"rendered":"http:\/\/nueva.ingenieriaprocon.com\/?page_id=6680"},"modified":"2018-06-21T16:51:37","modified_gmt":"2018-06-21T16:51:37","slug":"energia-solar","status":"publish","type":"page","link":"https:\/\/ingenieriaprocon.com\/es\/energia\/energia-solar\/","title":{"rendered":"Energ\u00eda Solar"},"content":{"rendered":"<p>[vc_row][vc_column][vc_empty_space height=\u00bb0&#8243; css=\u00bb.vc_custom_1464093011147{margin-top: -9px !important;}\u00bb][\/vc_column][\/vc_row][vc_row][vc_column][vc_single_image image=\u00bb7853&#8243; img_size=\u00bbfull\u00bb][\/vc_column][\/vc_row][vc_row css=\u00bb.vc_custom_1462367302295{padding-top: 40px !important;}\u00bb][vc_column][vc_column_text]En <strong>INGENIER\u00cdA PROCON<\/strong> trabajamos por el desarrollo sostenible. Apostamos por la energ\u00eda solar como una fuente de energ\u00eda renovable. Ofreciendo servicios que van desde el dise\u00f1o, la instalaci\u00f3n y el mantenimiento de instalaciones fotovoltaicas ofreciendo las mejores soluciones t\u00e9cnicas en las instalaciones.<\/p>\n<p>Nuestros servicios en esta categor\u00eda incluyen:<\/p>\n<p><strong>Estudios<br \/>\n<\/strong>&#8211; Estudios de viabilidad, factibilidad y costes.<br \/>\n&#8211; Estudios de eficiencia energ\u00e9tica.<br \/>\n&#8211; Estudios de impacto ambiental e integraci\u00f3n paisaj\u00edstica.<br \/>\n&#8211; Levantamiento topogr\u00e1fico.<br \/>\n&#8211; Conceptualizaci\u00f3n y anteproyecto.<br \/>\n&#8211; Tramites con organismos.<\/p>\n<p><strong>Dise\u00f1o<br \/>\n<\/strong>&#8211; Proyectos de energ\u00eda solar fotovoltaica.<br \/>\n&#8211; Proyectos de energ\u00eda solar t\u00e9rmica.<br \/>\n&#8211; Proyectos As-Built.<br \/>\n&#8211; Modelado 3d.<\/p>\n<p><strong>Direcci\u00f3n de obra<br \/>\n<\/strong>&#8211; Control y Supervisi\u00f3n de las obras.<\/p>\n<p><strong>Explotaci\u00f3n<br \/>\n<\/strong>&#8211; Manuales[\/vc_column_text][\/vc_column][\/vc_row][vc_row][vc_column][vc_empty_space]\n<h2 class=\"edgtf-custom-font-holder\" style=\"font-weight: 200\" >\n\t\n\tProyectos Relacionados \n\t\t\n\t<\/h2>[vc_empty_space]<div class = \"edgtf-portfolio-list-holder-outer edgtf-ptf-standard edgtf-ptf-three-columns edgtf-ptf-load-more edgtf-hover-outline\" data-next-page=\"2\" data-type=\"standard\" data-columns=\"3\" data-grid-size=\"three\" data-order-by=\"menu_order\" data-order=\"ASC\" data-number=\"-1\" data-image-size=\"full\" data-filter=\"no\" data-filter-order-by=\"name\" data-category=\"Solar\" data-show-load-more=\"yes\" data-title-tag=\"h4\" data-max-num-pages = 0><div class = \"edgtf-portfolio-list-holder clearfix\" >\n<article class=\"edgtf-portfolio-item mix portfolio_category_328\">\n\t<div class = \"edgtf-item-image-holder\">\n\t\t<a href=\"https:\/\/ingenieriaprocon.com\/es\/portfolio-item\/proyecto-de-energia-solar-ricardo-benavente\/\">\n\t\t\t<img loading=\"lazy\" decoding=\"async\" width=\"1000\" height=\"1000\" src=\"https:\/\/ingenieriaprocon.com\/wp-content\/uploads\/2016\/04\/destacada-proyecto-solar-ricardo-benavente-1.jpg\" class=\"attachment-full size-full wp-post-image\" alt=\"\" srcset=\"https:\/\/ingenieriaprocon.com\/wp-content\/uploads\/2016\/04\/destacada-proyecto-solar-ricardo-benavente-1.jpg 1000w, https:\/\/ingenieriaprocon.com\/wp-content\/uploads\/2016\/04\/destacada-proyecto-solar-ricardo-benavente-1-300x300.jpg 300w, https:\/\/ingenieriaprocon.com\/wp-content\/uploads\/2016\/04\/destacada-proyecto-solar-ricardo-benavente-1-100x100.jpg 100w, https:\/\/ingenieriaprocon.com\/wp-content\/uploads\/2016\/04\/destacada-proyecto-solar-ricardo-benavente-1-600x600.jpg 600w, https:\/\/ingenieriaprocon.com\/wp-content\/uploads\/2016\/04\/destacada-proyecto-solar-ricardo-benavente-1-150x150.jpg 150w, https:\/\/ingenieriaprocon.com\/wp-content\/uploads\/2016\/04\/destacada-proyecto-solar-ricardo-benavente-1-768x768.jpg 768w, https:\/\/ingenieriaprocon.com\/wp-content\/uploads\/2016\/04\/destacada-proyecto-solar-ricardo-benavente-1-550x550.jpg 550w\" sizes=\"auto, (max-width: 1000px) 100vw, 1000px\" \/>\t\t\t<span class=\"edgtf-view-project\">View Project<\/span>\n\t\t\t<span class=\"edgtf-hover-border\"><\/span>\n\t\t<\/a>\n\t<\/div>\n\t<div class=\"edgtf-item-text-holder\">\n\t\t<h4 class=\"edgtf-item-title\">\n\t\t\t<a href=\"https:\/\/ingenieriaprocon.com\/es\/portfolio-item\/proyecto-de-energia-solar-ricardo-benavente\/\">\n\t\t\t\tEstadio de Futbol Ricardo Benavente (Teulada, Alicante)\t\t\t<\/a>\t\n\t\t<\/h4>\t\n\t\t<h6 class=\"edgtf-ptf-category-holder\"><span>Solar<\/span><\/h6>\t<\/div>\n<\/article>\n\n<div class='edgtf-portfolio-gap'><\/div>\n<div class='edgtf-portfolio-gap'><\/div>\n<div class='edgtf-portfolio-gap'><\/div>\n<\/div><\/div>[\/vc_column][\/vc_row]<\/p>\n","protected":false},"excerpt":{"rendered":"<p>[vc_row][vc_column][vc_empty_space height=\u00bb0&#8243; css=\u00bb.vc_custom_1464093011147{margin-top: -9px !important;}\u00bb][\/vc_column][\/vc_row][vc_row][vc_column][vc_single_image image=\u00bb7853&#8243; img_size=\u00bbfull\u00bb][\/vc_column][\/vc_row][vc_row css=\u00bb.vc_custom_1462367302295{padding-top: 40px !important;}\u00bb][vc_column][vc_column_text]En INGENIER\u00cdA PROCON trabajamos por el desarrollo sostenible. Apostamos por la energ\u00eda solar como una fuente de energ\u00eda renovable. Ofreciendo servicios que van desde el dise\u00f1o, la instalaci\u00f3n y el mantenimiento de instalaciones fotovoltaicas ofreciendo las&#8230;<\/p>\n","protected":false},"author":1,"featured_media":0,"parent":6675,"menu_order":0,"comment_status":"closed","ping_status":"closed","template":"","meta":{"footnotes":""},"class_list":["post-6680","page","type-page","status-publish","hentry"],"_links":{"self":[{"href":"https:\/\/ingenieriaprocon.com\/es\/wp-json\/wp\/v2\/pages\/6680","targetHints":{"allow":["GET"]}}],"collection":[{"href":"https:\/\/ingenieriaprocon.com\/es\/wp-json\/wp\/v2\/pages"}],"about":[{"href":"https:\/\/ingenieriaprocon.com\/es\/wp-json\/wp\/v2\/types\/page"}],"author":[{"embeddable":true,"href":"https:\/\/ingenieriaprocon.com\/es\/wp-json\/wp\/v2\/users\/1"}],"replies":[{"embeddable":true,"href":"https:\/\/ingenieriaprocon.com\/es\/wp-json\/wp\/v2\/comments?post=6680"}],"version-history":[{"count":12,"href":"https:\/\/ingenieriaprocon.com\/es\/wp-json\/wp\/v2\/pages\/6680\/revisions"}],"predecessor-version":[{"id":7931,"href":"https:\/\/ingenieriaprocon.com\/es\/wp-json\/wp\/v2\/pages\/6680\/revisions\/7931"}],"up":[{"embeddable":true,"href":"https:\/\/ingenieriaprocon.com\/es\/wp-json\/wp\/v2\/pages\/6675"}],"wp:attachment":[{"href":"https:\/\/ingenieriaprocon.com\/es\/wp-json\/wp\/v2\/media?parent=6680"}],"curies":[{"name":"wp","href":"https:\/\/api.w.org\/{rel}","templated":true}]}}