{"id":6685,"date":"2018-02-20T09:59:51","date_gmt":"2018-02-20T09:59:51","guid":{"rendered":"http:\/\/nueva.ingenieriaprocon.com\/?page_id=6685"},"modified":"2018-06-21T16:46:07","modified_gmt":"2018-06-21T16:46:07","slug":"energia-eolica","status":"publish","type":"page","link":"https:\/\/ingenieriaprocon.com\/es\/energia\/energia-eolica\/","title":{"rendered":"Energ\u00eda E\u00f3lica"},"content":{"rendered":"<p>[vc_row][vc_column][vc_empty_space height=\u00bb0&#8243; css=\u00bb.vc_custom_1464093011147{margin-top: -9px !important;}\u00bb][\/vc_column][\/vc_row][vc_row][vc_column][vc_single_image image=\u00bb7851&#8243; img_size=\u00bbfull\u00bb][\/vc_column][\/vc_row][vc_row css=\u00bb.vc_custom_1462367302295{padding-top: 40px !important;}\u00bb][vc_column][vc_column_text]<strong>INGENIER\u00cdA PROCON<\/strong> cuenta con una amplia experiencia en el desarrollo, gesti\u00f3n e implantaci\u00f3n de instalaciones e\u00f3licas. Adem\u00e1s, cuenta con las herramientas m\u00e1s avanzadas para el estudio del recurso e\u00f3lico.<\/p>\n<p>Nuestros servicios en esta categor\u00eda incluyen:<\/p>\n<p><strong>Estudios<br \/>\n<\/strong>&#8211; Estudios de viabilidad, factibilidad y costes.<br \/>\n&#8211; Estudios de eficiencia energ\u00e9tica.<br \/>\n&#8211; Estudios de recursos biol\u00f3gicos y culturales.<br \/>\n&#8211; Estudios de evaluaci\u00f3n de riesgos.<br \/>\n&#8211; Estudio de corrientes y presiones.<br \/>\n&#8211; Estudios ac\u00fasticos.<br \/>\n&#8211; Estudios de impacto ambiental.<br \/>\n&#8211; Levantamiento topogr\u00e1fico.<br \/>\n&#8211; Conceptualizaci\u00f3n y anteproyecto.<br \/>\n&#8211; Tramites con organismos.<\/p>\n<p><strong>Dise\u00f1o<br \/>\n<\/strong>&#8211; Proyectos de parques e\u00f3licos.<br \/>\n&#8211; Proyectos estructurales.<br \/>\n&#8211; Movimientos de tierra.<br \/>\n&#8211; Proyectos As-Built.<br \/>\n&#8211; Modelado 3d.<\/p>\n<p><strong>Direcci\u00f3n de obra<br \/>\n<\/strong>&#8211; Control y Supervisi\u00f3n de las obras.<\/p>\n<p><strong>Explotaci\u00f3n<br \/>\n<\/strong>&#8211; Manuales[\/vc_column_text][\/vc_column][\/vc_row]<\/p>\n","protected":false},"excerpt":{"rendered":"<p>[vc_row][vc_column][vc_empty_space height=\u00bb0&#8243; css=\u00bb.vc_custom_1464093011147{margin-top: -9px !important;}\u00bb][\/vc_column][\/vc_row][vc_row][vc_column][vc_single_image image=\u00bb7851&#8243; img_size=\u00bbfull\u00bb][\/vc_column][\/vc_row][vc_row css=\u00bb.vc_custom_1462367302295{padding-top: 40px !important;}\u00bb][vc_column][vc_column_text]INGENIER\u00cdA PROCON cuenta con una amplia experiencia en el desarrollo, gesti\u00f3n e implantaci\u00f3n de instalaciones e\u00f3licas. Adem\u00e1s, cuenta con las herramientas m\u00e1s avanzadas para el estudio del recurso e\u00f3lico. Nuestros servicios en esta categor\u00eda incluyen: Estudios&#8230;<\/p>\n","protected":false},"author":1,"featured_media":0,"parent":6675,"menu_order":0,"comment_status":"closed","ping_status":"closed","template":"","meta":{"footnotes":""},"class_list":["post-6685","page","type-page","status-publish","hentry"],"_links":{"self":[{"href":"https:\/\/ingenieriaprocon.com\/es\/wp-json\/wp\/v2\/pages\/6685","targetHints":{"allow":["GET"]}}],"collection":[{"href":"https:\/\/ingenieriaprocon.com\/es\/wp-json\/wp\/v2\/pages"}],"about":[{"href":"https:\/\/ingenieriaprocon.com\/es\/wp-json\/wp\/v2\/types\/page"}],"author":[{"embeddable":true,"href":"https:\/\/ingenieriaprocon.com\/es\/wp-json\/wp\/v2\/users\/1"}],"replies":[{"embeddable":true,"href":"https:\/\/ingenieriaprocon.com\/es\/wp-json\/wp\/v2\/comments?post=6685"}],"version-history":[{"count":7,"href":"https:\/\/ingenieriaprocon.com\/es\/wp-json\/wp\/v2\/pages\/6685\/revisions"}],"predecessor-version":[{"id":7929,"href":"https:\/\/ingenieriaprocon.com\/es\/wp-json\/wp\/v2\/pages\/6685\/revisions\/7929"}],"up":[{"embeddable":true,"href":"https:\/\/ingenieriaprocon.com\/es\/wp-json\/wp\/v2\/pages\/6675"}],"wp:attachment":[{"href":"https:\/\/ingenieriaprocon.com\/es\/wp-json\/wp\/v2\/media?parent=6685"}],"curies":[{"name":"wp","href":"https:\/\/api.w.org\/{rel}","templated":true}]}}