{"id":6725,"date":"2018-02-20T13:10:18","date_gmt":"2018-02-20T13:10:18","guid":{"rendered":"http:\/\/nueva.ingenieriaprocon.com\/?page_id=6725"},"modified":"2018-06-21T17:43:33","modified_gmt":"2018-06-21T17:43:33","slug":"encauzamientos","status":"publish","type":"page","link":"https:\/\/ingenieriaprocon.com\/es\/obras-hidraulicas\/encauzamientos\/","title":{"rendered":"Encauzamientos"},"content":{"rendered":"<p>[vc_row][vc_column][vc_empty_space height=\u00bb0&#8243; css=\u00bb.vc_custom_1464093011147{margin-top: -9px !important;}\u00bb][\/vc_column][\/vc_row][vc_row][vc_column][vc_single_image image=\u00bb7861&#8243; img_size=\u00bbfull\u00bb][\/vc_column][\/vc_row][vc_row css=\u00bb.vc_custom_1462367302295{padding-top: 40px !important;}\u00bb][vc_column][vc_column_text]En <strong>INGENIER\u00cdA PROCON<\/strong> se realizan proyectos de encauzamientos, en los que adem\u00e1s de la infraestructura hidr\u00e1ulica, dise\u00f1amos y acondicionamos el entorno para la creaci\u00f3n de espacios p\u00fablicos de recreo.<\/p>\n<p>Nuestros servicios en esta categor\u00eda incluyen:<\/p>\n<p><strong>Estudios<br \/>\n<\/strong>&#8211; Estudios de viabilidad, factibilidad y costes.<br \/>\n&#8211; Estudios Hidrol\u00f3gicos e Hidr\u00e1ulicos.<br \/>\n&#8211; Estudios de impacto ambiental e integraci\u00f3n paisaj\u00edstica.<br \/>\n&#8211; Levantamiento topogr\u00e1fico.<br \/>\n&#8211; Conceptualizaci\u00f3n y Anteproyecto.<br \/>\n&#8211; Tramites con organismos.<\/p>\n<p><strong>Dise\u00f1o<br \/>\n<\/strong>&#8211; Dise\u00f1o hidr\u00e1ulico y estructural.<br \/>\n&#8211; Proyectos As-Built.<br \/>\n&#8211; Modelado 3d.<\/p>\n<p><strong>Direcci\u00f3n de obra<br \/>\n<\/strong>&#8211; Control y Supervisi\u00f3n de las obras.[\/vc_column_text][\/vc_column][\/vc_row][vc_row][vc_column][vc_empty_space]\n<h2 class=\"edgtf-custom-font-holder\" style=\"font-weight: 200\" >\n\t\n\tProyectos Relacionados\n\t\t\n\t<\/h2>[vc_empty_space]<div class = \"edgtf-portfolio-list-holder-outer edgtf-ptf-standard edgtf-ptf-three-columns edgtf-ptf-load-more edgtf-hover-outline\" data-next-page=\"2\" data-type=\"standard\" data-columns=\"3\" data-grid-size=\"three\" data-order-by=\"menu_order\" data-order=\"ASC\" data-number=\"-1\" data-image-size=\"full\" data-filter=\"no\" data-filter-order-by=\"name\" data-category=\"Encauzamientos\" data-show-load-more=\"yes\" data-title-tag=\"h4\" data-max-num-pages = 0><div class = \"edgtf-portfolio-list-holder clearfix\" >\n<article class=\"edgtf-portfolio-item mix portfolio_category_324\">\n\t<div class = \"edgtf-item-image-holder\">\n\t\t<a href=\"https:\/\/ingenieriaprocon.com\/es\/portfolio-item\/proyecto-de-encauzamientos-rio-girona\/\">\n\t\t\t<img loading=\"lazy\" decoding=\"async\" width=\"1000\" height=\"1000\" src=\"https:\/\/ingenieriaprocon.com\/wp-content\/uploads\/2016\/04\/destacada-encauzamientos-rio.jpg\" class=\"attachment-full size-full wp-post-image\" alt=\"\" srcset=\"https:\/\/ingenieriaprocon.com\/wp-content\/uploads\/2016\/04\/destacada-encauzamientos-rio.jpg 1000w, https:\/\/ingenieriaprocon.com\/wp-content\/uploads\/2016\/04\/destacada-encauzamientos-rio-300x300.jpg 300w, https:\/\/ingenieriaprocon.com\/wp-content\/uploads\/2016\/04\/destacada-encauzamientos-rio-100x100.jpg 100w, https:\/\/ingenieriaprocon.com\/wp-content\/uploads\/2016\/04\/destacada-encauzamientos-rio-600x600.jpg 600w, https:\/\/ingenieriaprocon.com\/wp-content\/uploads\/2016\/04\/destacada-encauzamientos-rio-150x150.jpg 150w, https:\/\/ingenieriaprocon.com\/wp-content\/uploads\/2016\/04\/destacada-encauzamientos-rio-768x768.jpg 768w, https:\/\/ingenieriaprocon.com\/wp-content\/uploads\/2016\/04\/destacada-encauzamientos-rio-550x550.jpg 550w\" sizes=\"auto, (max-width: 1000px) 100vw, 1000px\" \/>\t\t\t<span class=\"edgtf-view-project\">View Project<\/span>\n\t\t\t<span class=\"edgtf-hover-border\"><\/span>\n\t\t<\/a>\n\t<\/div>\n\t<div class=\"edgtf-item-text-holder\">\n\t\t<h4 class=\"edgtf-item-title\">\n\t\t\t<a href=\"https:\/\/ingenieriaprocon.com\/es\/portfolio-item\/proyecto-de-encauzamientos-rio-girona\/\">\n\t\t\t\tMuro de hormig\u00f3n R\u00edo Girona (El Vergel, Alicante)\t\t\t<\/a>\t\n\t\t<\/h4>\t\n\t\t<h6 class=\"edgtf-ptf-category-holder\"><span>Encauzamientos<\/span><\/h6>\t<\/div>\n<\/article>\n\n\n<article class=\"edgtf-portfolio-item mix portfolio_category_324\">\n\t<div class = \"edgtf-item-image-holder\">\n\t\t<a href=\"https:\/\/ingenieriaprocon.com\/es\/portfolio-item\/muro-de-escollera-calle-miraflor-el-vergel\/\">\n\t\t\t<img loading=\"lazy\" decoding=\"async\" width=\"1000\" height=\"1000\" src=\"https:\/\/ingenieriaprocon.com\/wp-content\/uploads\/2013\/04\/destacada-encauzamientos-escollera.jpg\" class=\"attachment-full size-full wp-post-image\" alt=\"\" srcset=\"https:\/\/ingenieriaprocon.com\/wp-content\/uploads\/2013\/04\/destacada-encauzamientos-escollera.jpg 1000w, https:\/\/ingenieriaprocon.com\/wp-content\/uploads\/2013\/04\/destacada-encauzamientos-escollera-300x300.jpg 300w, https:\/\/ingenieriaprocon.com\/wp-content\/uploads\/2013\/04\/destacada-encauzamientos-escollera-100x100.jpg 100w, https:\/\/ingenieriaprocon.com\/wp-content\/uploads\/2013\/04\/destacada-encauzamientos-escollera-600x600.jpg 600w, https:\/\/ingenieriaprocon.com\/wp-content\/uploads\/2013\/04\/destacada-encauzamientos-escollera-150x150.jpg 150w, https:\/\/ingenieriaprocon.com\/wp-content\/uploads\/2013\/04\/destacada-encauzamientos-escollera-768x768.jpg 768w, https:\/\/ingenieriaprocon.com\/wp-content\/uploads\/2013\/04\/destacada-encauzamientos-escollera-550x550.jpg 550w\" sizes=\"auto, (max-width: 1000px) 100vw, 1000px\" \/>\t\t\t<span class=\"edgtf-view-project\">View Project<\/span>\n\t\t\t<span class=\"edgtf-hover-border\"><\/span>\n\t\t<\/a>\n\t<\/div>\n\t<div class=\"edgtf-item-text-holder\">\n\t\t<h4 class=\"edgtf-item-title\">\n\t\t\t<a href=\"https:\/\/ingenieriaprocon.com\/es\/portfolio-item\/muro-de-escollera-calle-miraflor-el-vergel\/\">\n\t\t\t\tMuro de Escollera calle MIraflor El Vergel (El Vergel, Alicante)\t\t\t<\/a>\t\n\t\t<\/h4>\t\n\t\t<h6 class=\"edgtf-ptf-category-holder\"><span>Encauzamientos<\/span><\/h6>\t<\/div>\n<\/article>\n\n<div class='edgtf-portfolio-gap'><\/div>\n<div class='edgtf-portfolio-gap'><\/div>\n<div class='edgtf-portfolio-gap'><\/div>\n<\/div><\/div>[\/vc_column][\/vc_row]<\/p>\n","protected":false},"excerpt":{"rendered":"<p>[vc_row][vc_column][vc_empty_space height=\u00bb0&#8243; css=\u00bb.vc_custom_1464093011147{margin-top: -9px !important;}\u00bb][\/vc_column][\/vc_row][vc_row][vc_column][vc_single_image image=\u00bb7861&#8243; img_size=\u00bbfull\u00bb][\/vc_column][\/vc_row][vc_row css=\u00bb.vc_custom_1462367302295{padding-top: 40px !important;}\u00bb][vc_column][vc_column_text]En INGENIER\u00cdA PROCON se realizan proyectos de encauzamientos, en los que adem\u00e1s de la infraestructura hidr\u00e1ulica, dise\u00f1amos y acondicionamos el entorno para la creaci\u00f3n de espacios p\u00fablicos de recreo. Nuestros servicios en esta categor\u00eda incluyen: Estudios&#8230;<\/p>\n","protected":false},"author":1,"featured_media":0,"parent":6712,"menu_order":0,"comment_status":"closed","ping_status":"closed","template":"","meta":{"footnotes":""},"class_list":["post-6725","page","type-page","status-publish","hentry"],"_links":{"self":[{"href":"https:\/\/ingenieriaprocon.com\/es\/wp-json\/wp\/v2\/pages\/6725","targetHints":{"allow":["GET"]}}],"collection":[{"href":"https:\/\/ingenieriaprocon.com\/es\/wp-json\/wp\/v2\/pages"}],"about":[{"href":"https:\/\/ingenieriaprocon.com\/es\/wp-json\/wp\/v2\/types\/page"}],"author":[{"embeddable":true,"href":"https:\/\/ingenieriaprocon.com\/es\/wp-json\/wp\/v2\/users\/1"}],"replies":[{"embeddable":true,"href":"https:\/\/ingenieriaprocon.com\/es\/wp-json\/wp\/v2\/comments?post=6725"}],"version-history":[{"count":13,"href":"https:\/\/ingenieriaprocon.com\/es\/wp-json\/wp\/v2\/pages\/6725\/revisions"}],"predecessor-version":[{"id":7942,"href":"https:\/\/ingenieriaprocon.com\/es\/wp-json\/wp\/v2\/pages\/6725\/revisions\/7942"}],"up":[{"embeddable":true,"href":"https:\/\/ingenieriaprocon.com\/es\/wp-json\/wp\/v2\/pages\/6712"}],"wp:attachment":[{"href":"https:\/\/ingenieriaprocon.com\/es\/wp-json\/wp\/v2\/media?parent=6725"}],"curies":[{"name":"wp","href":"https:\/\/api.w.org\/{rel}","templated":true}]}}