{"id":6839,"date":"2018-02-22T15:23:35","date_gmt":"2018-02-22T15:23:35","guid":{"rendered":"http:\/\/nueva.ingenieriaprocon.com\/?page_id=6839"},"modified":"2018-06-21T10:32:28","modified_gmt":"2018-06-21T10:32:28","slug":"edificacion-docente","status":"publish","type":"page","link":"https:\/\/ingenieriaprocon.com\/es\/arquitectura\/edificacion-docente\/","title":{"rendered":"Edificaci\u00f3n Docente"},"content":{"rendered":"<p>[vc_row][vc_column][vc_empty_space height=\u00bb0&#8243; css=\u00bb.vc_custom_1464093011147{margin-top: -9px !important;}\u00bb][\/vc_column][\/vc_row][vc_row][vc_column][vc_single_image image=\u00bb7806&#8243; img_size=\u00bbfull\u00bb][\/vc_column][\/vc_row][vc_row css=\u00bb.vc_custom_1462367302295{padding-top: 40px !important;}\u00bb][vc_column][vc_column_text]En nuestros proyectos de edificaci\u00f3n docente nos basamos en conceptos de sostenibilidad, reutilizaci\u00f3n de los recursos, eficiencia energ\u00e9tica, integraci\u00f3n en el entorno as\u00ed como la usabilidad del usuario.<\/p>\n<p>Nuestros servicios en esta categor\u00eda incluyen:<\/p>\n<p><strong>Estudios<br \/>\n<\/strong>&#8211; Estudios de viabilidad, factibilidad y costes.<br \/>\n&#8211; Estudios de impacto ambiental.<br \/>\n&#8211; Estudios de eficiencia energ\u00e9tica.<br \/>\n&#8211; Estudios ac\u00fasticos.<br \/>\n&#8211; Levantamiento topogr\u00e1fico.<br \/>\n&#8211; Conceptualizaci\u00f3n y anteproyecto.<br \/>\n&#8211; Tramites con organismos.<\/p>\n<p><strong>Dise\u00f1o<br \/>\n<\/strong>&#8211; Proyectos b\u00e1sicos y de ejecuci\u00f3n de institutos, colegios, guarder\u00edas, etc.<br \/>\n&#8211; Proyectos de estructuras de hormig\u00f3n, acero, madera o mixtas.<br \/>\n&#8211; Proyectos de aparcamientos subterr\u00e1neos.<br \/>\n&#8211; Proyectos de maquinaria e instalaciones.<br \/>\n&#8211; Proyectos de climatizaci\u00f3n.<br \/>\n&#8211; Proyectos el\u00e9ctricos.<br \/>\n&#8211; Proyectos de interiorismo.<br \/>\n&#8211; Proyectos As-Built.<br \/>\n&#8211; Modelado 3d.<\/p>\n<p><strong>Direcci\u00f3n de obra<br \/>\n<\/strong>&#8211; Control y Supervisi\u00f3n de las obras.<\/p>\n<p><strong>Construcci\u00f3n<br \/>\n<\/strong>&#8211; Ejecuci\u00f3n como contratista de las obras.<br \/>\n&#8211; Entrega llave en mano.[\/vc_column_text][\/vc_column][\/vc_row]<\/p>\n","protected":false},"excerpt":{"rendered":"<p>[vc_row][vc_column][vc_empty_space height=\u00bb0&#8243; css=\u00bb.vc_custom_1464093011147{margin-top: -9px !important;}\u00bb][\/vc_column][\/vc_row][vc_row][vc_column][vc_single_image image=\u00bb7806&#8243; img_size=\u00bbfull\u00bb][\/vc_column][\/vc_row][vc_row css=\u00bb.vc_custom_1462367302295{padding-top: 40px !important;}\u00bb][vc_column][vc_column_text]En nuestros proyectos de edificaci\u00f3n docente nos basamos en conceptos de sostenibilidad, reutilizaci\u00f3n de los recursos, eficiencia energ\u00e9tica, integraci\u00f3n en el entorno as\u00ed como la usabilidad del usuario. Nuestros servicios en esta categor\u00eda incluyen: Estudios &#8211;&#8230;<\/p>\n","protected":false},"author":1,"featured_media":0,"parent":6821,"menu_order":0,"comment_status":"closed","ping_status":"closed","template":"","meta":{"footnotes":""},"class_list":["post-6839","page","type-page","status-publish","hentry"],"_links":{"self":[{"href":"https:\/\/ingenieriaprocon.com\/es\/wp-json\/wp\/v2\/pages\/6839","targetHints":{"allow":["GET"]}}],"collection":[{"href":"https:\/\/ingenieriaprocon.com\/es\/wp-json\/wp\/v2\/pages"}],"about":[{"href":"https:\/\/ingenieriaprocon.com\/es\/wp-json\/wp\/v2\/types\/page"}],"author":[{"embeddable":true,"href":"https:\/\/ingenieriaprocon.com\/es\/wp-json\/wp\/v2\/users\/1"}],"replies":[{"embeddable":true,"href":"https:\/\/ingenieriaprocon.com\/es\/wp-json\/wp\/v2\/comments?post=6839"}],"version-history":[{"count":7,"href":"https:\/\/ingenieriaprocon.com\/es\/wp-json\/wp\/v2\/pages\/6839\/revisions"}],"predecessor-version":[{"id":7917,"href":"https:\/\/ingenieriaprocon.com\/es\/wp-json\/wp\/v2\/pages\/6839\/revisions\/7917"}],"up":[{"embeddable":true,"href":"https:\/\/ingenieriaprocon.com\/es\/wp-json\/wp\/v2\/pages\/6821"}],"wp:attachment":[{"href":"https:\/\/ingenieriaprocon.com\/es\/wp-json\/wp\/v2\/media?parent=6839"}],"curies":[{"name":"wp","href":"https:\/\/api.w.org\/{rel}","templated":true}]}}