{"id":6677,"date":"2018-02-20T09:56:01","date_gmt":"2018-02-20T09:56:01","guid":{"rendered":"http:\/\/nueva.ingenieriaprocon.com\/?page_id=6677"},"modified":"2018-06-21T16:41:47","modified_gmt":"2018-06-21T16:41:47","slug":"energia-electrica","status":"publish","type":"page","link":"https:\/\/ingenieriaprocon.com\/fr\/energia\/energia-electrica\/","title":{"rendered":"\u00c9nergie \u00c9lectrique"},"content":{"rendered":"<p>[vc_row][vc_column][vc_single_image image=\u00a0\u00bb7926&Prime;][vc_empty_space height=\u00a0\u00bb50px\u00a0\u00bb][\/vc_column][\/vc_row][vc_row][vc_column][vc_column_text]Notre \u00e9quipe d&rsquo;ing\u00e9nieurs a une longue exp\u00e9rience dans les projets dans le secteur \u00e9lectrique fournissant les meilleures solutions d&rsquo;ing\u00e9nierie pour les installations \u00e9lectriques. Des solutions allant de la conception, du calcul, de la construction, de la supervision, du contr\u00f4le et de la mise en service.<\/p>\n<p>Nos services dans cette cat\u00e9gorie comprennent:<\/p>\n<p><strong>\u00c9tudes<\/strong><br \/>\n&#8211; Etudes de faisabilit\u00e9, de faisabilit\u00e9 et de co\u00fbts.<br \/>\n&#8211; \u00c9tudes \u00e9lectriques.<br \/>\n&#8211; Etudes d&rsquo;impact environnemental et d&rsquo;int\u00e9gration paysag\u00e8re.<br \/>\n&#8211; Relev\u00e9 topographique.<br \/>\n&#8211; Conceptualisation et avant-projet.<br \/>\n&#8211; Proc\u00e9dures avec des organismes.<\/p>\n<p><strong>Design<\/strong><br \/>\n&#8211; Projets de lignes a\u00e9riennes et souterraines moyenne tension (LAMT et LSMT).<br \/>\n&#8211; Projet de lignes a\u00e9riennes et souterraines basse tension (LABT et LSBT).<br \/>\n&#8211; Projets de centrales \u00e9lectriques.<br \/>\n&#8211; Projets de centres de transformation.<br \/>\n&#8211; Projets As-Built.<br \/>\n&#8211; Mod\u00e9lisation 3D.<\/p>\n<p><strong>Gestion de la construction<\/strong><br \/>\n&#8211; Contr\u00f4le et Supervision des travaux.<\/p>\n<p><strong>Exploitation<\/strong><br \/>\n&#8211; Manuels[\/vc_column_text][\/vc_column][\/vc_row][vc_row][vc_column][vc_empty_space height=\u00a0\u00bb50px\u00a0\u00bb]\n<h2 class=\"edgtf-custom-font-holder\" style=\"font-weight: 200\" >\n\t\n\tProjets li\u00e9s\n\t\t\n\t<\/h2>[vc_empty_space]<div class = \"edgtf-portfolio-list-holder-outer edgtf-ptf-standard edgtf-ptf-three-columns edgtf-ptf-load-more edgtf-hover-outline\" data-next-page=\"2\" data-type=\"standard\" data-columns=\"3\" data-grid-size=\"three\" data-order-by=\"menu_order\" data-order=\"ASC\" data-number=\"-1\" data-image-size=\"full\" data-filter=\"no\" data-filter-order-by=\"name\" data-category=\"El\u00e9ctrica \" data-show-load-more=\"yes\" data-title-tag=\"h4\" data-max-num-pages = 0><div class = \"edgtf-portfolio-list-holder clearfix\" >\n<article class=\"edgtf-portfolio-item mix portfolio_category_327\">\n\t<div class = \"edgtf-item-image-holder\">\n\t\t<a href=\"https:\/\/ingenieriaprocon.com\/fr\/portfolio-item\/proyecto-de-energia-electrica-ricardo-benavente\/\">\n\t\t\t<img loading=\"lazy\" decoding=\"async\" width=\"1000\" height=\"1000\" src=\"https:\/\/ingenieriaprocon.com\/wp-content\/uploads\/2016\/04\/destacada-proyecto-Benavente-1.jpg\" class=\"attachment-full size-full wp-post-image\" alt=\"\" srcset=\"https:\/\/ingenieriaprocon.com\/wp-content\/uploads\/2016\/04\/destacada-proyecto-Benavente-1.jpg 1000w, https:\/\/ingenieriaprocon.com\/wp-content\/uploads\/2016\/04\/destacada-proyecto-Benavente-1-300x300.jpg 300w, https:\/\/ingenieriaprocon.com\/wp-content\/uploads\/2016\/04\/destacada-proyecto-Benavente-1-100x100.jpg 100w, https:\/\/ingenieriaprocon.com\/wp-content\/uploads\/2016\/04\/destacada-proyecto-Benavente-1-600x600.jpg 600w, https:\/\/ingenieriaprocon.com\/wp-content\/uploads\/2016\/04\/destacada-proyecto-Benavente-1-150x150.jpg 150w, https:\/\/ingenieriaprocon.com\/wp-content\/uploads\/2016\/04\/destacada-proyecto-Benavente-1-768x768.jpg 768w, https:\/\/ingenieriaprocon.com\/wp-content\/uploads\/2016\/04\/destacada-proyecto-Benavente-1-550x550.jpg 550w\" sizes=\"auto, (max-width: 1000px) 100vw, 1000px\" \/>\t\t\t<span class=\"edgtf-view-project\">View Project<\/span>\n\t\t\t<span class=\"edgtf-hover-border\"><\/span>\n\t\t<\/a>\n\t<\/div>\n\t<div class=\"edgtf-item-text-holder\">\n\t\t<h4 class=\"edgtf-item-title\">\n\t\t\t<a href=\"https:\/\/ingenieriaprocon.com\/fr\/portfolio-item\/proyecto-de-energia-electrica-ricardo-benavente\/\">\n\t\t\t\tR\u00e9seau \u00e9lectrique et \u00e9clairage Stade Ricardo Benavente\t\t\t<\/a>\t\n\t\t<\/h4>\t\n\t\t<h6 class=\"edgtf-ptf-category-holder\"><span>El\u00e9ctrica<\/span><\/h6>\t<\/div>\n<\/article>\n\n\n<article class=\"edgtf-portfolio-item mix portfolio_category_327\">\n\t<div class = \"edgtf-item-image-holder\">\n\t\t<a href=\"https:\/\/ingenieriaprocon.com\/fr\/portfolio-item\/proyecto-de-electricidad-electrica-vergel\/\">\n\t\t\t<img loading=\"lazy\" decoding=\"async\" width=\"1000\" height=\"1000\" src=\"https:\/\/ingenieriaprocon.com\/wp-content\/uploads\/2016\/04\/destacada-proyecto-vergel-1.jpg\" class=\"attachment-full size-full wp-post-image\" alt=\"\" srcset=\"https:\/\/ingenieriaprocon.com\/wp-content\/uploads\/2016\/04\/destacada-proyecto-vergel-1.jpg 1000w, https:\/\/ingenieriaprocon.com\/wp-content\/uploads\/2016\/04\/destacada-proyecto-vergel-1-300x300.jpg 300w, https:\/\/ingenieriaprocon.com\/wp-content\/uploads\/2016\/04\/destacada-proyecto-vergel-1-100x100.jpg 100w, https:\/\/ingenieriaprocon.com\/wp-content\/uploads\/2016\/04\/destacada-proyecto-vergel-1-600x600.jpg 600w, https:\/\/ingenieriaprocon.com\/wp-content\/uploads\/2016\/04\/destacada-proyecto-vergel-1-150x150.jpg 150w, https:\/\/ingenieriaprocon.com\/wp-content\/uploads\/2016\/04\/destacada-proyecto-vergel-1-768x768.jpg 768w, https:\/\/ingenieriaprocon.com\/wp-content\/uploads\/2016\/04\/destacada-proyecto-vergel-1-550x550.jpg 550w\" sizes=\"auto, (max-width: 1000px) 100vw, 1000px\" \/>\t\t\t<span class=\"edgtf-view-project\">View Project<\/span>\n\t\t\t<span class=\"edgtf-hover-border\"><\/span>\n\t\t<\/a>\n\t<\/div>\n\t<div class=\"edgtf-item-text-holder\">\n\t\t<h4 class=\"edgtf-item-title\">\n\t\t\t<a href=\"https:\/\/ingenieriaprocon.com\/fr\/portfolio-item\/proyecto-de-electricidad-electrica-vergel\/\">\n\t\t\t\tD\u00e9viation LSMT et LABT \u00e0 El Vergel (El Vergel, Alicante)\t\t\t<\/a>\t\n\t\t<\/h4>\t\n\t\t<h6 class=\"edgtf-ptf-category-holder\"><span>El\u00e9ctrica<\/span><\/h6>\t<\/div>\n<\/article>\n\n\n<article class=\"edgtf-portfolio-item mix portfolio_category_327\">\n\t<div class = \"edgtf-item-image-holder\">\n\t\t<a href=\"https:\/\/ingenieriaprocon.com\/fr\/portfolio-item\/centros-de-transformacion-red-de-bt-y-desvio-lamt-poligono-teulada\/\">\n\t\t\t<img loading=\"lazy\" decoding=\"async\" width=\"1000\" height=\"1000\" src=\"https:\/\/ingenieriaprocon.com\/wp-content\/uploads\/2016\/04\/destacada-proyecto-uzo-1.jpg\" class=\"attachment-full size-full wp-post-image\" alt=\"\" srcset=\"https:\/\/ingenieriaprocon.com\/wp-content\/uploads\/2016\/04\/destacada-proyecto-uzo-1.jpg 1000w, https:\/\/ingenieriaprocon.com\/wp-content\/uploads\/2016\/04\/destacada-proyecto-uzo-1-300x300.jpg 300w, https:\/\/ingenieriaprocon.com\/wp-content\/uploads\/2016\/04\/destacada-proyecto-uzo-1-100x100.jpg 100w, https:\/\/ingenieriaprocon.com\/wp-content\/uploads\/2016\/04\/destacada-proyecto-uzo-1-600x600.jpg 600w, https:\/\/ingenieriaprocon.com\/wp-content\/uploads\/2016\/04\/destacada-proyecto-uzo-1-150x150.jpg 150w, https:\/\/ingenieriaprocon.com\/wp-content\/uploads\/2016\/04\/destacada-proyecto-uzo-1-768x768.jpg 768w, https:\/\/ingenieriaprocon.com\/wp-content\/uploads\/2016\/04\/destacada-proyecto-uzo-1-550x550.jpg 550w\" sizes=\"auto, (max-width: 1000px) 100vw, 1000px\" \/>\t\t\t<span class=\"edgtf-view-project\">View Project<\/span>\n\t\t\t<span class=\"edgtf-hover-border\"><\/span>\n\t\t<\/a>\n\t<\/div>\n\t<div class=\"edgtf-item-text-holder\">\n\t\t<h4 class=\"edgtf-item-title\">\n\t\t\t<a href=\"https:\/\/ingenieriaprocon.com\/fr\/portfolio-item\/centros-de-transformacion-red-de-bt-y-desvio-lamt-poligono-teulada\/\">\n\t\t\t\tCentres de transformation, r\u00e9seau BT et d\u00e9viation LAMT polygone Teulada (Alicante)\t\t\t<\/a>\t\n\t\t<\/h4>\t\n\t\t<h6 class=\"edgtf-ptf-category-holder\"><span>El\u00e9ctrica<\/span><\/h6>\t<\/div>\n<\/article>\n\n<div class='edgtf-portfolio-gap'><\/div>\n<div class='edgtf-portfolio-gap'><\/div>\n<div class='edgtf-portfolio-gap'><\/div>\n<\/div><\/div>[\/vc_column][\/vc_row]<\/p>\n","protected":false},"excerpt":{"rendered":"<p>[vc_row][vc_column][vc_single_image image=\u00a0\u00bb7926&Prime;][vc_empty_space height=\u00a0\u00bb50px\u00a0\u00bb][\/vc_column][\/vc_row][vc_row][vc_column][vc_column_text]Notre \u00e9quipe d&rsquo;ing\u00e9nieurs a une longue exp\u00e9rience dans les projets dans le secteur \u00e9lectrique fournissant les meilleures solutions d&rsquo;ing\u00e9nierie pour les installations \u00e9lectriques. Des solutions allant de la conception, du calcul, de la construction, de la supervision, du contr\u00f4le et de la mise&#8230;<\/p>\n","protected":false},"author":1,"featured_media":0,"parent":6675,"menu_order":0,"comment_status":"closed","ping_status":"closed","template":"","meta":{"footnotes":""},"class_list":["post-6677","page","type-page","status-publish","hentry"],"_links":{"self":[{"href":"https:\/\/ingenieriaprocon.com\/fr\/wp-json\/wp\/v2\/pages\/6677","targetHints":{"allow":["GET"]}}],"collection":[{"href":"https:\/\/ingenieriaprocon.com\/fr\/wp-json\/wp\/v2\/pages"}],"about":[{"href":"https:\/\/ingenieriaprocon.com\/fr\/wp-json\/wp\/v2\/types\/page"}],"author":[{"embeddable":true,"href":"https:\/\/ingenieriaprocon.com\/fr\/wp-json\/wp\/v2\/users\/1"}],"replies":[{"embeddable":true,"href":"https:\/\/ingenieriaprocon.com\/fr\/wp-json\/wp\/v2\/comments?post=6677"}],"version-history":[{"count":10,"href":"https:\/\/ingenieriaprocon.com\/fr\/wp-json\/wp\/v2\/pages\/6677\/revisions"}],"predecessor-version":[{"id":7927,"href":"https:\/\/ingenieriaprocon.com\/fr\/wp-json\/wp\/v2\/pages\/6677\/revisions\/7927"}],"up":[{"embeddable":true,"href":"https:\/\/ingenieriaprocon.com\/fr\/wp-json\/wp\/v2\/pages\/6675"}],"wp:attachment":[{"href":"https:\/\/ingenieriaprocon.com\/fr\/wp-json\/wp\/v2\/media?parent=6677"}],"curies":[{"name":"wp","href":"https:\/\/api.w.org\/{rel}","templated":true}]}}