{"id":6688,"date":"2018-02-20T10:01:04","date_gmt":"2018-02-20T10:01:04","guid":{"rendered":"http:\/\/nueva.ingenieriaprocon.com\/?page_id=6688"},"modified":"2018-06-21T16:30:48","modified_gmt":"2018-06-21T16:30:48","slug":"energia-biomasa","status":"publish","type":"page","link":"https:\/\/ingenieriaprocon.com\/fr\/energia\/energia-biomasa\/","title":{"rendered":"Biomasse \u00c9nergie"},"content":{"rendered":"<p>[vc_row][vc_column][vc_single_image image=\u00a0\u00bb7887&Prime; img_size=\u00a0\u00bbfull\u00a0\u00bb][vc_empty_space height=\u00a0\u00bb50px\u00a0\u00bb][\/vc_column][\/vc_row][vc_row][vc_column][vc_column_text]Nous transformons la mati\u00e8re organique en chaleur ou en \u00e9lectricit\u00e9.<\/p>\n<p>Gr\u00e2ce \u00e0 des syst\u00e8mes bas\u00e9s sur la combustion de la biomasse, l&rsquo;\u00e9nergie thermique et l&rsquo;\u00e9nergie \u00e9lectrique peuvent \u00eatre obtenues.<\/p>\n<p>Avec toutes sortes de d\u00e9chets (urbains, agricoles, industriels, etc.) peuvent \u00eatre transform\u00e9s en \u00e9nergie sous la forme d&rsquo;\u00e9lectricit\u00e9 ou de chaleur, ce qui entra\u00eene une cha\u00eene compl\u00e8te de recyclage des d\u00e9chets.<\/p>\n<p>De <strong>PROCON ING\u00c9NIERIE<\/strong> nous d\u00e9veloppons des projets \u00e9nerg\u00e9tiques bas\u00e9s sur la biomasse pour la production d&rsquo;\u00e9nergie principalement destin\u00e9s aux grandes industries ou au tertiaire.[\/vc_column_text][\/vc_column][\/vc_row]<\/p>\n","protected":false},"excerpt":{"rendered":"<p>[vc_row][vc_column][vc_single_image image=\u00a0\u00bb7887&Prime; img_size=\u00a0\u00bbfull\u00a0\u00bb][vc_empty_space height=\u00a0\u00bb50px\u00a0\u00bb][\/vc_column][\/vc_row][vc_row][vc_column][vc_column_text]Nous transformons la mati\u00e8re organique en chaleur ou en \u00e9lectricit\u00e9. Gr\u00e2ce \u00e0 des syst\u00e8mes bas\u00e9s sur la combustion de la biomasse, l&rsquo;\u00e9nergie thermique et l&rsquo;\u00e9nergie \u00e9lectrique peuvent \u00eatre obtenues. Avec toutes sortes de d\u00e9chets (urbains, agricoles, industriels, etc.) peuvent \u00eatre transform\u00e9s en&#8230;<\/p>\n","protected":false},"author":1,"featured_media":0,"parent":6675,"menu_order":0,"comment_status":"closed","ping_status":"closed","template":"","meta":{"footnotes":""},"class_list":["post-6688","page","type-page","status-publish","hentry"],"_links":{"self":[{"href":"https:\/\/ingenieriaprocon.com\/fr\/wp-json\/wp\/v2\/pages\/6688","targetHints":{"allow":["GET"]}}],"collection":[{"href":"https:\/\/ingenieriaprocon.com\/fr\/wp-json\/wp\/v2\/pages"}],"about":[{"href":"https:\/\/ingenieriaprocon.com\/fr\/wp-json\/wp\/v2\/types\/page"}],"author":[{"embeddable":true,"href":"https:\/\/ingenieriaprocon.com\/fr\/wp-json\/wp\/v2\/users\/1"}],"replies":[{"embeddable":true,"href":"https:\/\/ingenieriaprocon.com\/fr\/wp-json\/wp\/v2\/comments?post=6688"}],"version-history":[{"count":10,"href":"https:\/\/ingenieriaprocon.com\/fr\/wp-json\/wp\/v2\/pages\/6688\/revisions"}],"predecessor-version":[{"id":7925,"href":"https:\/\/ingenieriaprocon.com\/fr\/wp-json\/wp\/v2\/pages\/6688\/revisions\/7925"}],"up":[{"embeddable":true,"href":"https:\/\/ingenieriaprocon.com\/fr\/wp-json\/wp\/v2\/pages\/6675"}],"wp:attachment":[{"href":"https:\/\/ingenieriaprocon.com\/fr\/wp-json\/wp\/v2\/media?parent=6688"}],"curies":[{"name":"wp","href":"https:\/\/api.w.org\/{rel}","templated":true}]}}