{"id":6794,"date":"2018-02-22T13:29:50","date_gmt":"2018-02-22T13:29:50","guid":{"rendered":"http:\/\/nueva.ingenieriaprocon.com\/?page_id=6794"},"modified":"2018-06-21T18:30:20","modified_gmt":"2018-06-21T18:30:20","slug":"declaraciones-de-interes-comunitario","status":"publish","type":"page","link":"https:\/\/ingenieriaprocon.com\/fr\/urbanismo\/declaraciones-de-interes-comunitario\/","title":{"rendered":"D\u00e9clarations d&rsquo;int\u00e9r\u00eat de la communaut\u00e9"},"content":{"rendered":"<p>[vc_row][vc_column][vc_single_image image=\u00a0\u00bb7839&Prime; img_size=\u00a0\u00bbfull\u00a0\u00bb][vc_empty_space height=\u00a0\u00bb50px\u00a0\u00bb][\/vc_column][\/vc_row][vc_row][vc_column][vc_column_text]Dans <strong>PROCON ING\u00c9NIERIE<\/strong>, nous \u00e9laborons et r\u00e9digeons la documentation technique n\u00e9cessaire pour le d\u00e9veloppement d&rsquo;activit\u00e9s dans des terrains non-d\u00e9veloppables d&rsquo;activit\u00e9s industrielles ou tertiaires. Nous recherchons les solutions les plus efficaces et performantes, en tenant toujours compte des aspects territoriaux et environnementaux.[\/vc_column_text][\/vc_column][\/vc_row][vc_row][vc_column][vc_empty_space]\n<h2 class=\"edgtf-custom-font-holder\" style=\"font-weight: 200\" >\n\t\n\tProjets li\u00e9s\n\t\t\n\t<\/h2>[vc_empty_space]<div class = \"edgtf-portfolio-list-holder-outer edgtf-ptf-standard edgtf-ptf-three-columns edgtf-ptf-load-more edgtf-hover-outline\" data-next-page=\"2\" data-type=\"standard\" data-columns=\"3\" data-grid-size=\"three\" data-order-by=\"menu_order\" data-order=\"ASC\" data-number=\"-1\" data-image-size=\"full\" data-filter=\"no\" data-filter-order-by=\"name\" data-category=\"declaracion de interes comunitario\" data-show-load-more=\"yes\" data-title-tag=\"h4\" data-max-num-pages = 0><div class = \"edgtf-portfolio-list-holder clearfix\" >\n<article class=\"edgtf-portfolio-item mix portfolio_category_341\">\n\t<div class = \"edgtf-item-image-holder\">\n\t\t<a href=\"https:\/\/ingenieriaprocon.com\/fr\/portfolio-item\/vivero-de-plantas-en-javea-javeaalicante\/\">\n\t\t\t<img loading=\"lazy\" decoding=\"async\" width=\"1000\" height=\"1000\" src=\"https:\/\/ingenieriaprocon.com\/wp-content\/uploads\/2018\/03\/destacada-vivero.jpg\" class=\"attachment-full size-full wp-post-image\" alt=\"\" srcset=\"https:\/\/ingenieriaprocon.com\/wp-content\/uploads\/2018\/03\/destacada-vivero.jpg 1000w, https:\/\/ingenieriaprocon.com\/wp-content\/uploads\/2018\/03\/destacada-vivero-300x300.jpg 300w, https:\/\/ingenieriaprocon.com\/wp-content\/uploads\/2018\/03\/destacada-vivero-100x100.jpg 100w, https:\/\/ingenieriaprocon.com\/wp-content\/uploads\/2018\/03\/destacada-vivero-600x600.jpg 600w, https:\/\/ingenieriaprocon.com\/wp-content\/uploads\/2018\/03\/destacada-vivero-150x150.jpg 150w, https:\/\/ingenieriaprocon.com\/wp-content\/uploads\/2018\/03\/destacada-vivero-768x768.jpg 768w, https:\/\/ingenieriaprocon.com\/wp-content\/uploads\/2018\/03\/destacada-vivero-550x550.jpg 550w\" sizes=\"auto, (max-width: 1000px) 100vw, 1000px\" \/>\t\t\t<span class=\"edgtf-view-project\">View Project<\/span>\n\t\t\t<span class=\"edgtf-hover-border\"><\/span>\n\t\t<\/a>\n\t<\/div>\n\t<div class=\"edgtf-item-text-holder\">\n\t\t<h4 class=\"edgtf-item-title\">\n\t\t\t<a href=\"https:\/\/ingenieriaprocon.com\/fr\/portfolio-item\/vivero-de-plantas-en-javea-javeaalicante\/\">\n\t\t\t\tP\u00e9pini\u00e8re de plantes \u00e0 Javea (Alicante)\t\t\t<\/a>\t\n\t\t<\/h4>\t\n\t\t<h6 class=\"edgtf-ptf-category-holder\"><span>Declaraci\u00f3n de inter\u00e9s comunitario<\/span><\/h6>\t<\/div>\n<\/article>\n\n\n<article class=\"edgtf-portfolio-item mix portfolio_category_341\">\n\t<div class = \"edgtf-item-image-holder\">\n\t\t<a href=\"https:\/\/ingenieriaprocon.com\/fr\/portfolio-item\/nave-industrial-en-javea-javeaalicante\/\">\n\t\t\t<img loading=\"lazy\" decoding=\"async\" width=\"1000\" height=\"1000\" src=\"https:\/\/ingenieriaprocon.com\/wp-content\/uploads\/2018\/03\/destacada-nave-industrial-urbanismo.jpg\" class=\"attachment-full size-full wp-post-image\" alt=\"\" srcset=\"https:\/\/ingenieriaprocon.com\/wp-content\/uploads\/2018\/03\/destacada-nave-industrial-urbanismo.jpg 1000w, https:\/\/ingenieriaprocon.com\/wp-content\/uploads\/2018\/03\/destacada-nave-industrial-urbanismo-300x300.jpg 300w, https:\/\/ingenieriaprocon.com\/wp-content\/uploads\/2018\/03\/destacada-nave-industrial-urbanismo-100x100.jpg 100w, https:\/\/ingenieriaprocon.com\/wp-content\/uploads\/2018\/03\/destacada-nave-industrial-urbanismo-600x600.jpg 600w, https:\/\/ingenieriaprocon.com\/wp-content\/uploads\/2018\/03\/destacada-nave-industrial-urbanismo-150x150.jpg 150w, https:\/\/ingenieriaprocon.com\/wp-content\/uploads\/2018\/03\/destacada-nave-industrial-urbanismo-768x768.jpg 768w, https:\/\/ingenieriaprocon.com\/wp-content\/uploads\/2018\/03\/destacada-nave-industrial-urbanismo-550x550.jpg 550w\" sizes=\"auto, (max-width: 1000px) 100vw, 1000px\" \/>\t\t\t<span class=\"edgtf-view-project\">View Project<\/span>\n\t\t\t<span class=\"edgtf-hover-border\"><\/span>\n\t\t<\/a>\n\t<\/div>\n\t<div class=\"edgtf-item-text-holder\">\n\t\t<h4 class=\"edgtf-item-title\">\n\t\t\t<a href=\"https:\/\/ingenieriaprocon.com\/fr\/portfolio-item\/nave-industrial-en-javea-javeaalicante\/\">\n\t\t\t\tB\u00e2timent industriel \u00e0 Javea (Alicante)\t\t\t<\/a>\t\n\t\t<\/h4>\t\n\t\t<h6 class=\"edgtf-ptf-category-holder\"><span>Declaraci\u00f3n de inter\u00e9s comunitario<\/span><\/h6>\t<\/div>\n<\/article>\n\n\n<article class=\"edgtf-portfolio-item mix portfolio_category_341\">\n\t<div class = \"edgtf-item-image-holder\">\n\t\t<a href=\"https:\/\/ingenieriaprocon.com\/fr\/portfolio-item\/planta-de-reciclado-de-residuos-de-construccion-y-demolicion-rcd-benissaalicante\/\">\n\t\t\t<img loading=\"lazy\" decoding=\"async\" width=\"1000\" height=\"1000\" src=\"https:\/\/ingenieriaprocon.com\/wp-content\/uploads\/2018\/03\/destacada-planta-rcd.jpg\" class=\"attachment-full size-full wp-post-image\" alt=\"\" srcset=\"https:\/\/ingenieriaprocon.com\/wp-content\/uploads\/2018\/03\/destacada-planta-rcd.jpg 1000w, https:\/\/ingenieriaprocon.com\/wp-content\/uploads\/2018\/03\/destacada-planta-rcd-300x300.jpg 300w, https:\/\/ingenieriaprocon.com\/wp-content\/uploads\/2018\/03\/destacada-planta-rcd-100x100.jpg 100w, https:\/\/ingenieriaprocon.com\/wp-content\/uploads\/2018\/03\/destacada-planta-rcd-600x600.jpg 600w, https:\/\/ingenieriaprocon.com\/wp-content\/uploads\/2018\/03\/destacada-planta-rcd-150x150.jpg 150w, https:\/\/ingenieriaprocon.com\/wp-content\/uploads\/2018\/03\/destacada-planta-rcd-768x768.jpg 768w, https:\/\/ingenieriaprocon.com\/wp-content\/uploads\/2018\/03\/destacada-planta-rcd-550x550.jpg 550w\" sizes=\"auto, (max-width: 1000px) 100vw, 1000px\" \/>\t\t\t<span class=\"edgtf-view-project\">View Project<\/span>\n\t\t\t<span class=\"edgtf-hover-border\"><\/span>\n\t\t<\/a>\n\t<\/div>\n\t<div class=\"edgtf-item-text-holder\">\n\t\t<h4 class=\"edgtf-item-title\">\n\t\t\t<a href=\"https:\/\/ingenieriaprocon.com\/fr\/portfolio-item\/planta-de-reciclado-de-residuos-de-construccion-y-demolicion-rcd-benissaalicante\/\">\n\t\t\t\tUsine de recyclage des d\u00e9chets de construction et de d\u00e9molition RCD (Benissa, Alicante)\t\t\t<\/a>\t\n\t\t<\/h4>\t\n\t\t<h6 class=\"edgtf-ptf-category-holder\"><span>Declaraci\u00f3n de inter\u00e9s comunitario<\/span><\/h6>\t<\/div>\n<\/article>\n\n<div class='edgtf-portfolio-gap'><\/div>\n<div class='edgtf-portfolio-gap'><\/div>\n<div class='edgtf-portfolio-gap'><\/div>\n<\/div><\/div>[\/vc_column][\/vc_row]<\/p>\n","protected":false},"excerpt":{"rendered":"<p>[vc_row][vc_column][vc_single_image image=\u00a0\u00bb7839&Prime; img_size=\u00a0\u00bbfull\u00a0\u00bb][vc_empty_space height=\u00a0\u00bb50px\u00a0\u00bb][\/vc_column][\/vc_row][vc_row][vc_column][vc_column_text]Dans PROCON ING\u00c9NIERIE, nous \u00e9laborons et r\u00e9digeons la documentation technique n\u00e9cessaire pour le d\u00e9veloppement d&rsquo;activit\u00e9s dans des terrains non-d\u00e9veloppables d&rsquo;activit\u00e9s industrielles ou tertiaires. Nous recherchons les solutions les plus efficaces et performantes, en tenant toujours compte des aspects territoriaux et environnementaux.[\/vc_column_text][\/vc_column][\/vc_row][vc_row][vc_column][vc_empty_space][vc_empty_space][\/vc_column][\/vc_row]<\/p>\n","protected":false},"author":1,"featured_media":0,"parent":6776,"menu_order":0,"comment_status":"closed","ping_status":"closed","template":"","meta":{"footnotes":""},"class_list":["post-6794","page","type-page","status-publish","hentry"],"_links":{"self":[{"href":"https:\/\/ingenieriaprocon.com\/fr\/wp-json\/wp\/v2\/pages\/6794","targetHints":{"allow":["GET"]}}],"collection":[{"href":"https:\/\/ingenieriaprocon.com\/fr\/wp-json\/wp\/v2\/pages"}],"about":[{"href":"https:\/\/ingenieriaprocon.com\/fr\/wp-json\/wp\/v2\/types\/page"}],"author":[{"embeddable":true,"href":"https:\/\/ingenieriaprocon.com\/fr\/wp-json\/wp\/v2\/users\/1"}],"replies":[{"embeddable":true,"href":"https:\/\/ingenieriaprocon.com\/fr\/wp-json\/wp\/v2\/comments?post=6794"}],"version-history":[{"count":13,"href":"https:\/\/ingenieriaprocon.com\/fr\/wp-json\/wp\/v2\/pages\/6794\/revisions"}],"predecessor-version":[{"id":7949,"href":"https:\/\/ingenieriaprocon.com\/fr\/wp-json\/wp\/v2\/pages\/6794\/revisions\/7949"}],"up":[{"embeddable":true,"href":"https:\/\/ingenieriaprocon.com\/fr\/wp-json\/wp\/v2\/pages\/6776"}],"wp:attachment":[{"href":"https:\/\/ingenieriaprocon.com\/fr\/wp-json\/wp\/v2\/media?parent=6794"}],"curies":[{"name":"wp","href":"https:\/\/api.w.org\/{rel}","templated":true}]}}