{"id":6839,"date":"2018-02-22T15:23:35","date_gmt":"2018-02-22T15:23:35","guid":{"rendered":"http:\/\/nueva.ingenieriaprocon.com\/?page_id=6839"},"modified":"2018-06-21T10:32:28","modified_gmt":"2018-06-21T10:32:28","slug":"edificacion-docente","status":"publish","type":"page","link":"https:\/\/ingenieriaprocon.com\/fr\/arquitectura\/edificacion-docente\/","title":{"rendered":"B\u00e2timent Education"},"content":{"rendered":"<p>[vc_row][vc_column][vc_single_image image=\u00a0\u00bb7806&Prime; img_size=\u00a0\u00bbfull\u00a0\u00bb][vc_empty_space height=\u00a0\u00bb50px\u00a0\u00bb][\/vc_column][\/vc_row][vc_row][vc_column][vc_column_text]Dans nos projets de construction \u00e9ducative, nous nous appuyons sur les concepts de durabilit\u00e9, de r\u00e9utilisation des ressources, d&rsquo;efficacit\u00e9 \u00e9nerg\u00e9tique, d&rsquo;int\u00e9gration dans l&rsquo;environnement ainsi que de convivialit\u00e9 de l&rsquo;utilisateur.<\/p>\n<p>Nos services dans cette cat\u00e9gorie comprennent:<\/p>\n<p><strong>\u00c9tudes<br \/>\n<\/strong>&#8211; Etudes de faisabilit\u00e9, de faisabilit\u00e9 et de co\u00fbts.<br \/>\n&#8211; Etudes d&rsquo;impact environnemental.<br \/>\n&#8211; Etudes d&rsquo;efficacit\u00e9 \u00e9nerg\u00e9tique.<br \/>\n&#8211; \u00c9tudes acoustiques.<br \/>\n&#8211; Relev\u00e9 topographique.<br \/>\n&#8211; Conceptualisation et avant-projet.<br \/>\n&#8211; Proc\u00e9dures avec des organismes.<\/p>\n<p><strong>Design<\/strong><br \/>\n&#8211; Projets de base et ex\u00e9cution d&rsquo;instituts, d&rsquo;\u00e9coles, de cr\u00e8ches, etc.<br \/>\n&#8211; Projets de b\u00e9ton, d&rsquo;acier, de bois ou de structures mixtes.<br \/>\n&#8211; Projets de parking souterrain.<br \/>\n&#8211; Projets de machines et installations.<br \/>\n&#8211; Projets de climatisation.<br \/>\n&#8211; Projets \u00e9lectriques.<br \/>\n&#8211; Projets de design d&rsquo;int\u00e9rieur.<br \/>\n&#8211; Projets As-Built.<br \/>\n&#8211; Mod\u00e9lisation 3D.<\/p>\n<p><strong>Gestion de la construction<\/strong><br \/>\n&#8211; Contr\u00f4le et Supervision des travaux.<\/p>\n<p><strong>CONSTRUCTION<br \/>\n<\/strong>&#8211; Ex\u00e9cution en tant que contractant des travaux.<br \/>\n&#8211; Livraison cl\u00e9 en main.[\/vc_column_text][\/vc_column][\/vc_row]<\/p>\n","protected":false},"excerpt":{"rendered":"<p>[vc_row][vc_column][vc_single_image image=\u00a0\u00bb7806&Prime; img_size=\u00a0\u00bbfull\u00a0\u00bb][vc_empty_space height=\u00a0\u00bb50px\u00a0\u00bb][\/vc_column][\/vc_row][vc_row][vc_column][vc_column_text]Dans nos projets de construction \u00e9ducative, nous nous appuyons sur les concepts de durabilit\u00e9, de r\u00e9utilisation des ressources, d&rsquo;efficacit\u00e9 \u00e9nerg\u00e9tique, d&rsquo;int\u00e9gration dans l&rsquo;environnement ainsi que de convivialit\u00e9 de l&rsquo;utilisateur. Nos services dans cette cat\u00e9gorie comprennent: \u00c9tudes &#8211; Etudes de faisabilit\u00e9, de faisabilit\u00e9&#8230;<\/p>\n","protected":false},"author":1,"featured_media":0,"parent":6821,"menu_order":0,"comment_status":"closed","ping_status":"closed","template":"","meta":{"footnotes":""},"class_list":["post-6839","page","type-page","status-publish","hentry"],"_links":{"self":[{"href":"https:\/\/ingenieriaprocon.com\/fr\/wp-json\/wp\/v2\/pages\/6839","targetHints":{"allow":["GET"]}}],"collection":[{"href":"https:\/\/ingenieriaprocon.com\/fr\/wp-json\/wp\/v2\/pages"}],"about":[{"href":"https:\/\/ingenieriaprocon.com\/fr\/wp-json\/wp\/v2\/types\/page"}],"author":[{"embeddable":true,"href":"https:\/\/ingenieriaprocon.com\/fr\/wp-json\/wp\/v2\/users\/1"}],"replies":[{"embeddable":true,"href":"https:\/\/ingenieriaprocon.com\/fr\/wp-json\/wp\/v2\/comments?post=6839"}],"version-history":[{"count":7,"href":"https:\/\/ingenieriaprocon.com\/fr\/wp-json\/wp\/v2\/pages\/6839\/revisions"}],"predecessor-version":[{"id":7917,"href":"https:\/\/ingenieriaprocon.com\/fr\/wp-json\/wp\/v2\/pages\/6839\/revisions\/7917"}],"up":[{"embeddable":true,"href":"https:\/\/ingenieriaprocon.com\/fr\/wp-json\/wp\/v2\/pages\/6821"}],"wp:attachment":[{"href":"https:\/\/ingenieriaprocon.com\/fr\/wp-json\/wp\/v2\/media?parent=6839"}],"curies":[{"name":"wp","href":"https:\/\/api.w.org\/{rel}","templated":true}]}}