{"id":6845,"date":"2018-02-22T15:27:49","date_gmt":"2018-02-22T15:27:49","guid":{"rendered":"http:\/\/nueva.ingenieriaprocon.com\/?page_id=6845"},"modified":"2018-06-21T10:50:19","modified_gmt":"2018-06-21T10:50:19","slug":"licencias-de-actividad","status":"publish","type":"page","link":"https:\/\/ingenieriaprocon.com\/fr\/arquitectura\/licencias-de-actividad\/","title":{"rendered":"Licences D&rsquo;Activit\u00e9"},"content":{"rendered":"<p>[vc_row][vc_column][vc_single_image image=\u00a0\u00bb7814&Prime; img_size=\u00a0\u00bbfull\u00a0\u00bb][vc_empty_space height=\u00a0\u00bb50px\u00a0\u00bb][\/vc_column][\/vc_row][vc_row][vc_column][vc_column_text]La r\u00e9alisation de projets de licence d&rsquo;activit\u00e9 n\u00e9cessite des professionnels techniques ayant une connaissance approfondie de la r\u00e9glementation applicable et des proc\u00e9dures requises dans les administrations pour obtenir une licence d&rsquo;activit\u00e9.<\/p>\n<p>Dans PROCON ING\u00c9NIERIE nous \u00e9laborons la documentation n\u00e9cessaire pour obtenir une licence d&rsquo;ouverture, justifiant que la conception des locaux, les installations pr\u00e9vues et le d\u00e9veloppement de l&rsquo;activit\u00e9 soient conformes \u00e0 la r\u00e9glementation et aux r\u00e8glements correspondants.[\/vc_column_text][\/vc_column][\/vc_row]<\/p>\n","protected":false},"excerpt":{"rendered":"<p>[vc_row][vc_column][vc_single_image image=\u00a0\u00bb7814&Prime; img_size=\u00a0\u00bbfull\u00a0\u00bb][vc_empty_space height=\u00a0\u00bb50px\u00a0\u00bb][\/vc_column][\/vc_row][vc_row][vc_column][vc_column_text]La r\u00e9alisation de projets de licence d&rsquo;activit\u00e9 n\u00e9cessite des professionnels techniques ayant une connaissance approfondie de la r\u00e9glementation applicable et des proc\u00e9dures requises dans les administrations pour obtenir une licence d&rsquo;activit\u00e9. Dans PROCON ING\u00c9NIERIE nous \u00e9laborons la documentation n\u00e9cessaire pour obtenir une&#8230;<\/p>\n","protected":false},"author":1,"featured_media":0,"parent":6821,"menu_order":0,"comment_status":"closed","ping_status":"closed","template":"","meta":{"footnotes":""},"class_list":["post-6845","page","type-page","status-publish","hentry"],"_links":{"self":[{"href":"https:\/\/ingenieriaprocon.com\/fr\/wp-json\/wp\/v2\/pages\/6845","targetHints":{"allow":["GET"]}}],"collection":[{"href":"https:\/\/ingenieriaprocon.com\/fr\/wp-json\/wp\/v2\/pages"}],"about":[{"href":"https:\/\/ingenieriaprocon.com\/fr\/wp-json\/wp\/v2\/types\/page"}],"author":[{"embeddable":true,"href":"https:\/\/ingenieriaprocon.com\/fr\/wp-json\/wp\/v2\/users\/1"}],"replies":[{"embeddable":true,"href":"https:\/\/ingenieriaprocon.com\/fr\/wp-json\/wp\/v2\/comments?post=6845"}],"version-history":[{"count":15,"href":"https:\/\/ingenieriaprocon.com\/fr\/wp-json\/wp\/v2\/pages\/6845\/revisions"}],"predecessor-version":[{"id":7924,"href":"https:\/\/ingenieriaprocon.com\/fr\/wp-json\/wp\/v2\/pages\/6845\/revisions\/7924"}],"up":[{"embeddable":true,"href":"https:\/\/ingenieriaprocon.com\/fr\/wp-json\/wp\/v2\/pages\/6821"}],"wp:attachment":[{"href":"https:\/\/ingenieriaprocon.com\/fr\/wp-json\/wp\/v2\/media?parent=6845"}],"curies":[{"name":"wp","href":"https:\/\/api.w.org\/{rel}","templated":true}]}}