{"id":7221,"date":"2018-03-16T15:33:48","date_gmt":"2018-03-16T15:33:48","guid":{"rendered":"http:\/\/ingenieriaprocon.com\/?page_id=7221"},"modified":"2018-06-22T15:06:07","modified_gmt":"2018-06-22T15:06:07","slug":"condiciones-generales","status":"publish","type":"page","link":"https:\/\/ingenieriaprocon.com\/fr\/condiciones-generales\/","title":{"rendered":"Conditions G\u00e9n\u00e9rales"},"content":{"rendered":"<p>[vc_row][vc_column][vc_column_text]<\/p>\n<h2>Politique de qualit\u00e9<\/h2>\n<p>[\/vc_column_text][vc_empty_space height=\u00a0\u00bb15px\u00a0\u00bb]\n<p class=\"edgtf-section-subtitle vc_custom_1529679585986\" style=\"text-align:center\">\n\tCONDITIONS G\u00c9N\u00c9RALES<\/p>[\/vc_column][\/vc_row][vc_row][vc_column][vc_column_text css=\u00a0\u00bb.vc_custom_1529679930255{padding-right: 15% !important;padding-left: 15% !important;}\u00a0\u00bb]<strong>1.- Objet.<\/strong><\/p>\n<p>Ces conditions g\u00e9n\u00e9rales (ci-apr\u00e8s Conditions g\u00e9n\u00e9rales), r\u00e9glementent l&rsquo;acc\u00e8s et l&rsquo;utilisation du site Web sous le domaine www.ingenieriaprocon.com (ci-apr\u00e8s le site Web), la propri\u00e9t\u00e9 de \u00ab\u00a0PROCON NERIUM SLP\u00a0\u00bb (ci-apr\u00e8s Procon), mis \u00e0 la disposition de les utilisateurs (ci-apr\u00e8s Utilisateurs \/ s).<\/p>\n<p>Si vous avez des questions ou des pr\u00e9occupations concernant l&rsquo;utilisation et l&rsquo;acc\u00e8s au site Web ou aux pr\u00e9sentes conditions g\u00e9n\u00e9rales, vous pouvez \u00e9crire un courriel avec votre demande et vos coordonn\u00e9es \u00e0 info@ingenieriaprocon.com. Vous pouvez \u00e9galement nous contacter par courrier ordinaire, en adressant votre demande et vos coordonn\u00e9es \u00e0 \u00ab\u00a0PROCON NERIUM S.L.P.\u00a0\u00bb, Avenida de la Alc\u00fadia 39, 03720 Benissa (Alicante).<\/p>\n<p><strong>2.- Respect des pr\u00e9sentes conditions g\u00e9n\u00e9rales.<\/strong><\/p>\n<p>L&rsquo;utilisation du Site implique l&rsquo;acceptation pleine et enti\u00e8re par l&rsquo;Utilisateur de toutes les Conditions G\u00e9n\u00e9rales en vigueur \u00e0 chaque moment o\u00f9 l&rsquo;Utilisateur y acc\u00e8de. Par cons\u00e9quent, si vous n&rsquo;\u00eates pas d&rsquo;accord avec l&rsquo;une des conditions \u00e9tablies ici, vous devez vous abstenir d&rsquo;utiliser ce site Web.<\/p>\n<p>En cons\u00e9quence, l&rsquo;Utilisateur doit lire attentivement les Conditions G\u00e9n\u00e9rales chaque fois qu&rsquo;il a l&rsquo;intention d&rsquo;utiliser le Site.<\/p>\n<p>Dans tous les cas, Procon se r\u00e9serve le droit de modifier, sans pr\u00e9avis et \u00e0 tout moment, les pr\u00e9sentes Conditions G\u00e9n\u00e9rales, ainsi que sa configuration, son emplacement et tout autre terme g\u00e9n\u00e9ral ou sp\u00e9cifique, r\u00e8glement d&rsquo;utilisation, instruction ou avertissement applicable. De m\u00eame, Procon se r\u00e9serve le droit de suspendre, d&rsquo;interrompre ou d&rsquo;arr\u00eater l&rsquo;exploitation du site \u00e0 tout moment.<\/p>\n<p>Par \u00ab\u00a0utilisation du site Web\u00a0\u00bb, tout utilisateur qui acc\u00e8de et navigue sur le site Web est compris ind\u00e9pendamment du fait qu&rsquo;ils remplissent les formulaires d&rsquo;inscription.<\/p>\n<p><strong>3.- Conditions d&rsquo;acc\u00e8s et d&rsquo;utilisation du site et de son contenu.<\/strong><\/p>\n<p>L&rsquo;acc\u00e8s au Site Web et \/ ou au Contenu qui y est inclus n&rsquo;implique aucune sorte de garantie quant \u00e0 l&rsquo;ad\u00e9quation du Site Web et \/ ou du Contenu qui y est inclus \u00e0 des fins sp\u00e9cifiques ou sp\u00e9cifiques des Utilisateurs.<\/p>\n<p>Procon peut \u00e9tablir des limitations et \/ ou des conditions suppl\u00e9mentaires pour l&rsquo;utilisation et \/ ou l&rsquo;acc\u00e8s au Site Web et \/ ou au Contenu, qui doivent \u00eatre observ\u00e9s par les Utilisateurs dans tous les cas.<\/p>\n<p><strong>3.1- Acc\u00e8s et utilisation du site Web.<\/strong><\/p>\n<p>Sauf disposition contraire, l&rsquo;utilisation du Site sera gratuite, sans pr\u00e9judice des frais de connexion via le r\u00e9seau de t\u00e9l\u00e9communications correspondant que l&rsquo;Utilisateur a souscrit.<\/p>\n<p>L&rsquo;Utilisateur reconna\u00eet \u00eatre \u00e2g\u00e9 de plus de dix-huit ans, est \u00e9galement conscient et accepte volontairement et express\u00e9ment que l&rsquo;utilisation du Site est en tout cas effectu\u00e9e sous sa seule et exclusive responsabilit\u00e9.<\/p>\n<p>L&rsquo;Utilisateur s&rsquo;engage \u00e0 respecter les pr\u00e9sentes Conditions G\u00e9n\u00e9rales, ainsi qu&rsquo;\u00e0 se conformer aux mises en garde sp\u00e9ciales ou instructions contenues dans le Site et \u00e0 toujours agir conform\u00e9ment \u00e0 la loi, aux bonnes m\u0153urs et aux exigences de bonne foi, en faisant tr\u00e8s attention en tenant compte de la nature et de la consid\u00e9ration du service que vous appr\u00e9ciez. A cet effet, ne pas utiliser le site Web d&rsquo;une fa\u00e7on qui peut emp\u00eacher, endommager ou entraver le fonctionnement normal, des biens ou des droits de Procon, fournisseurs, distributeurs, d&rsquo;autres utilisateurs ou en g\u00e9n\u00e9ral tout tiers.<\/p>\n<p>De mani\u00e8re sp\u00e9cifique et sans impliquer aucune restriction \u00e0 l&rsquo;obligation assum\u00e9e par l&rsquo;Utilisateur en g\u00e9n\u00e9ral conform\u00e9ment \u00e0 la section pr\u00e9c\u00e9dente, l&rsquo;Utilisateur s&rsquo;engage \u00e0 utiliser le Site:<\/p>\n<ol>\n<li>a) ne pas introduire, stocker ou distribuer ou \u00e0 partir du site Web toute information ou mat\u00e9riel qui est diffamatoire, obsc\u00e8ne, mena\u00e7ant, x\u00e9nophobe, pornographique, le terrorisme, incitation \u00e0 la violence, la discrimination fond\u00e9e sur la race , sexe, id\u00e9ologie, religion ou qui viole de quelque mani\u00e8re que ce soit la forme, l&rsquo;ordre public, les droits fondamentaux, les libert\u00e9s publiques, l&rsquo;honneur, la vie priv\u00e9e ou l&rsquo;image de tiers et en g\u00e9n\u00e9ral la r\u00e9glementation en vigueur.<\/li>\n<li>b) ne pas introduire, stocker ou diffuser sur le site Web un programme informatique, des donn\u00e9es, un virus, un code ou tout autre instrument ou appareil \u00e9lectronique ou physique susceptible de causer des dommages au site Web, \u00e0 l&rsquo;un des services, ou l&rsquo;un quelconque des \u00e9quipements, syst\u00e8mes ou r\u00e9seaux de Procon, de tout Utilisateur, des Fournisseurs ou Distributeurs de Procon ou en g\u00e9n\u00e9ral de tout tiers, capable de provoquer tout type de modification ou d&rsquo;en entraver le fonctionnement normal.<\/li>\n<li>c) de ne pas introduire, stocker ou diffuser \u00e0 travers le Site Web tout contenu portant atteinte \u00e0 la propri\u00e9t\u00e9 intellectuelle, industrielle ou des droits de tiers, ni en g\u00e9n\u00e9ral tout contenu qu&rsquo;il ne d\u00e9tiendra pas, conform\u00e9ment \u00e0 la loi, le droit de le rendre disponible de tiers.<\/li>\n<\/ol>\n<p><strong>3.2- Acc\u00e8s et utilisation du contenu.<\/strong><\/p>\n<p>Les contenus du site Web sont mis \u00e0 la disposition de l&rsquo;utilisateur avec des informations provenant \u00e0 la fois de sources propres et de tiers.<\/p>\n<p>Procon s&rsquo;assure que les Contenus sont de la plus haute qualit\u00e9 possible et sont raisonnablement mis \u00e0 jour, mais ne garantit pas l&rsquo;utilit\u00e9, l&rsquo;exactitude, l&rsquo;exhaustivit\u00e9, la pertinence et \/ ou l&rsquo;actualit\u00e9 du Contenu.<\/p>\n<p><strong>3.3 &#8211; Droits de propri\u00e9t\u00e9 intellectuelle et industrielle.<\/strong><\/p>\n<p>Les conditions g\u00e9n\u00e9rales toute a propri\u00e9t\u00e9 intellectuelle ou industrielle sur le site Web ou l&rsquo;un de ses composants ne peuvent donner, \u00e9tant express\u00e9ment interdit la reproduction de l&rsquo;utilisateur, le traitement, la distribution, la communication publique, la disponibilit\u00e9, l&rsquo;extraction, la r\u00e9utilisation, ou r\u00e9\u00e9mission l&rsquo;utilisation de toute nature, par quelque moyen ou proc\u00e9dure, de l&rsquo;un quelconque d&rsquo;entre eux, sauf dans les cas o\u00f9 il est l\u00e9galement autoris\u00e9 ou autoris\u00e9 par le titulaire des droits correspondants.<\/p>\n<p>Les utilisateurs peuvent visualiser et d&rsquo;obtenir une copie priv\u00e9e temporaire du contenu pour votre usage personnel et priv\u00e9 dans leurs syst\u00e8mes informatiques (mat\u00e9riels et logiciels), \u00e0 condition que ce n&rsquo;est pas le but de d\u00e9velopper des activit\u00e9s commerciales ou professionnelles. L&rsquo;Utilisateur s&rsquo;interdit d&rsquo;obtenir ou de tenter d&rsquo;obtenir le contenu par des moyens ou des proc\u00e9dures qui, dans chaque cas, ont \u00e9t\u00e9 mis \u00e0 la disposition ou indiqu\u00e9s \u00e0 cette fin ou celles qui sont normalement utilis\u00e9s sur Internet (\u00e0 condition que ceux-ci ne comportent pas un risque d&rsquo;endommagement ou de d\u00e9sactivation du site Web). L&rsquo;Utilisateur doit respecter \u00e0 tout moment tous les droits de propri\u00e9t\u00e9 intellectuelle et industrielle sur le Site, propri\u00e9t\u00e9 de Procon ou de tiers.<\/p>\n<p><strong>4.- Exclusion des garanties et de la responsabilit\u00e9.<\/strong><\/p>\n<p>4.1.- Exclusion des garanties et responsabilit\u00e9 pour le fonctionnement du site Web.<\/p>\n<p>Procon ne garantit pas la disponibilit\u00e9 et la continuit\u00e9 du site Web et les services ou contenus propos\u00e9s sur le m\u00eame, ou que le contenu existant sur votre site Web est mis \u00e0 jour, \u00eatre exon\u00e9r\u00e9 de toute responsabilit\u00e9 pour les dommages de toute nature qui peuvent survenir pour de telles circonstances.<\/p>\n<p>Procon lieu, \u00e0 moins de circonstances qui rendent impossible ou difficile \u00e0 ex\u00e9cuter et d\u00e8s entendre des erreurs, d\u00e9connexions et \/ ou non mise \u00e0 jour du contenu, tous les efforts visant \u00e0 corriger les erreurs, r\u00e9tablir la communication et \/ ou mettre \u00e0 jour le contenu r\u00e9f\u00e9r\u00e9.<\/p>\n<p>De m\u00eame, Procon ne garantit pas la fiabilit\u00e9 technique de son site Web, ni l&rsquo;acc\u00e8s aux diff\u00e9rentes pages, en laissant de la m\u00eame mani\u00e8re disculp\u00e9 de toute responsabilit\u00e9 pour les dommages de toute nature qui pourraient r\u00e9sulter de cette cause.<\/p>\n<p>En outre, Procon n&rsquo;est pas responsable des erreurs ou des lacunes de s\u00e9curit\u00e9 qui peuvent r\u00e9sulter de l&rsquo;utilisation par l&rsquo;utilisateur d&rsquo;un navigateur obsol\u00e8te ou non s\u00e9curis\u00e9 dans le navigateur ou les dommages, version erreurs ou des inexactitudes qui pourraient r\u00e9sulter de dysfonctionnement de la m\u00eame chose.<\/p>\n<p>Afin de r\u00e9duire le risque d&rsquo;introduction de virus dans le site Web, il utilise des programmes de d\u00e9tection de virus pour contr\u00f4ler tout le contenu que vous entrez dans le site Web. Cependant, Procon ne garantit pas l&rsquo;absence de virus ou d&rsquo;autres \u00e9l\u00e9ments dans le site Web mis en place par des tiers \u00e0 Procon qui peuvent modifier les syst\u00e8mes physiques ou logiques des utilisateurs ou des documents \u00e9lectroniques et les fichiers stock\u00e9s dans leurs syst\u00e8mes. Par cons\u00e9quent, Procon ne peut en aucun cas \u00eatre tenu responsable des dommages de toute nature pouvant r\u00e9sulter de la pr\u00e9sence de virus ou d&rsquo;autres \u00e9l\u00e9ments qui peuvent modifier les fichiers ou physiques ou logiques des syst\u00e8mes des utilisateurs, des documents \u00e9lectroniques.<\/p>\n<p>Procon adopte diverses mesures de protection pour prot\u00e9ger le site Web, les donn\u00e9es collect\u00e9es et le contenu contre les attaques informatiques par des tiers. Cependant, Procon ne garantit pas que des tiers non autoris\u00e9s puissent avoir acc\u00e8s au type d&rsquo;utilisation ou de navigation du site Web effectu\u00e9 par l&rsquo;utilisateur ou aux conditions, caract\u00e9ristiques et circonstances dans lesquelles il est fait. En cons\u00e9quence, Procon ne sera en aucun cas responsable des dommages pouvant r\u00e9sulter d&rsquo;un tel acc\u00e8s non autoris\u00e9.<\/p>\n<p>Procon ne sera en aucun cas responsable de l&rsquo;usage que les utilisateurs et \/ ou les tiers pourraient faire du Site ou du Contenu, ni des dommages et pertes qui pourraient en d\u00e9couler.<\/p>\n<p>4.2.- Exclusion des garanties et responsabilit\u00e9 pour le contenu.<\/p>\n<p>Procon ne modifie pas les Contenus de tiers publi\u00e9s sur le Site et, par cons\u00e9quent, ne garantit pas la l\u00e9galit\u00e9, la fiabilit\u00e9, l&rsquo;utilit\u00e9, la v\u00e9racit\u00e9, l&rsquo;exactitude, l&rsquo;exhaustivit\u00e9 et l&rsquo;actualit\u00e9 desdits Contenus, ni des Contenus appartenant \u00e0 Procon. \u00a0Procon ne sera en aucun cas responsable des dommages qui pourraient r\u00e9sulter: (i) du manque de l\u00e9galit\u00e9, de l&rsquo;exactitude, de l&rsquo;exhaustivit\u00e9 et \/ ou de l&rsquo;actualit\u00e9 des Contenus provenant de tiers et des leurs; (ii) l&rsquo;inaptitude \u00e0 toute fin et la fraude des attentes g\u00e9n\u00e9r\u00e9es par le contenu; (iii) les d\u00e9cisions ou actions prises ou \u00e9vit\u00e9es par l&rsquo;utilisateur en s&rsquo;appuyant sur les informations ou donn\u00e9es fournies ou fournies dans le Contenu, y compris, sans limitation, la perte d&rsquo;avantages ou d&rsquo;opportunit\u00e9s commerciales.<\/p>\n<p><strong>5.- Hyperliens.<\/strong><\/p>\n<p>Les personnes qui ont l&rsquo;intention d&rsquo;\u00e9tablir des liens hypertexte entre leur site Web et le site Web doivent observer et respecter les conditions suivantes:<\/p>\n<ol>\n<li>i) Une autorisation pr\u00e9alable ne sera pas n\u00e9cessaire lorsque le lien hypertexte autorise uniquement l&rsquo;acc\u00e8s \u00e0 la page d&rsquo;accueil du site Web, mais ne peut en aucun cas le reproduire. Toute autre forme de lien hypertexte n\u00e9cessitera l&rsquo;autorisation expresse et sans \u00e9quivoque par \u00e9crit de Procon.<\/li>\n<li>ii) La page Web dans laquelle le lien hypertexte est \u00e9tabli peut contenir uniquement ce qui est strictement n\u00e9cessaire pour identifier la destination du lien hypertexte.<\/li>\n<\/ol>\n<p>iii) La page Web dans laquelle le lien hypertexte est \u00e9tabli ne contiendra pas d&rsquo;informations ou de contenu ill\u00e9gal, contraire aux bonnes m\u0153urs et aux bonnes pratiques g\u00e9n\u00e9ralement accept\u00e9es et \u00e0 l&rsquo;ordre public, et ne contiendra aucun contenu contraire aux droits des tiers.<\/p>\n<ol>\n<li>iv) Procon se r\u00e9serve le droit de bloquer les hyperliens dirig\u00e9s vers le site Web qui n&rsquo;ont pas d&rsquo;autorisation pr\u00e9alable expresse m\u00eame s&rsquo;ils sont conformes aux dispositions des pr\u00e9sentes conditions g\u00e9n\u00e9rales.<\/li>\n<\/ol>\n<p><strong>6.- Actions en cas de d\u00e9faut.<\/strong><\/p>\n<p>Procon se r\u00e9serve le droit d&rsquo;exercer autant d&rsquo;actions que celles pr\u00e9vues par la loi pour exiger les responsabilit\u00e9s d\u00e9coulant de la violation d&rsquo;une des dispositions des pr\u00e9sentes Conditions G\u00e9n\u00e9rales du Site par un utilisateur.<\/p>\n<p><strong>7.- Nullit\u00e9 partielle.<\/strong><\/p>\n<p>La d\u00e9claration de l&rsquo;une quelconque des clauses contenues dans les pr\u00e9sentes Conditions g\u00e9n\u00e9rales comme nulle, invalide ou inefficace n&rsquo;affectera pas la validit\u00e9 ou l&rsquo;efficacit\u00e9 du reste, qui restera contraignante entre les parties.<\/p>\n<p><strong>8.- Loi Applicable et Juridiction.<\/strong><\/p>\n<p>Ces Conditions G\u00e9n\u00e9rales seront r\u00e9gies par les dispositions de la l\u00e9gislation espagnole.<\/p>\n<p>Tout diff\u00e9rend relatif aux conditions d&rsquo;utilisation et l&rsquo;acc\u00e8s \u00e0 ce site Web contient des pr\u00e9sentes conditions g\u00e9n\u00e9rales du site Web, les parties se soumettent, renon\u00e7ant express\u00e9ment \u00e0 toute autre juridiction qui peut demander, \u00e0 moins que requis par la loi d\u00e9termine autrement, les tribunaux de D\u00e9nia.<\/p>\n<p><strong>9.- Notifications.<\/strong><\/p>\n<p>Dans le but de faire les notifications appropri\u00e9es, Procon d\u00e9signe comme adresse de contact celle sp\u00e9cifi\u00e9e dans la notice l\u00e9gale.<\/p>\n<p>L&rsquo;e-mail fournie par l&rsquo;utilisateur lors du processus d&rsquo;inscription sur le site, sera utilis\u00e9 par Procon afin de pratiquer des notifications \u00e0 l&rsquo;utilisateur.<\/p>\n<p>L&rsquo;utilisateur est tenu de conserver les donn\u00e9es d\u00fbment mises \u00e0 jour pour les besoins des notifications sont r\u00e9f\u00e9renc\u00e9s dans cette clause.<\/p>\n<p>Tous les avis apport\u00e9es \u00e0 la Procon utilisateur valablement fait si vous avez fait \u00e0 l&rsquo;aide des donn\u00e9es et par les moyens mentionn\u00e9s ci-dessus. Procon n&rsquo;est pas responsable des dommages qui peuvent survenir en raison de la violation de l&rsquo;obligation de maintenance mise \u00e0 jour des informations de contact de l&rsquo;utilisateur.[\/vc_column_text][\/vc_column][\/vc_row]<\/p>\n","protected":false},"excerpt":{"rendered":"<p>[vc_row][vc_column][vc_column_text] Politique de qualit\u00e9 [\/vc_column_text][vc_empty_space height=\u00a0\u00bb15px\u00a0\u00bb][\/vc_column][\/vc_row][vc_row][vc_column][vc_column_text css=\u00a0\u00bb.vc_custom_1529679930255{padding-right: 15% !important;padding-left: 15% !important;}\u00a0\u00bb]1.- Objet. Ces conditions g\u00e9n\u00e9rales (ci-apr\u00e8s Conditions g\u00e9n\u00e9rales), r\u00e9glementent l&rsquo;acc\u00e8s et l&rsquo;utilisation du site Web sous le domaine www.ingenieriaprocon.com (ci-apr\u00e8s le site Web), la propri\u00e9t\u00e9 de \u00ab\u00a0PROCON NERIUM SLP\u00a0\u00bb (ci-apr\u00e8s Procon), mis \u00e0 la disposition&#8230;<\/p>\n","protected":false},"author":1,"featured_media":0,"parent":0,"menu_order":0,"comment_status":"closed","ping_status":"closed","template":"full-width.php","meta":{"footnotes":""},"class_list":["post-7221","page","type-page","status-publish","hentry"],"_links":{"self":[{"href":"https:\/\/ingenieriaprocon.com\/fr\/wp-json\/wp\/v2\/pages\/7221","targetHints":{"allow":["GET"]}}],"collection":[{"href":"https:\/\/ingenieriaprocon.com\/fr\/wp-json\/wp\/v2\/pages"}],"about":[{"href":"https:\/\/ingenieriaprocon.com\/fr\/wp-json\/wp\/v2\/types\/page"}],"author":[{"embeddable":true,"href":"https:\/\/ingenieriaprocon.com\/fr\/wp-json\/wp\/v2\/users\/1"}],"replies":[{"embeddable":true,"href":"https:\/\/ingenieriaprocon.com\/fr\/wp-json\/wp\/v2\/comments?post=7221"}],"version-history":[{"count":10,"href":"https:\/\/ingenieriaprocon.com\/fr\/wp-json\/wp\/v2\/pages\/7221\/revisions"}],"predecessor-version":[{"id":7961,"href":"https:\/\/ingenieriaprocon.com\/fr\/wp-json\/wp\/v2\/pages\/7221\/revisions\/7961"}],"wp:attachment":[{"href":"https:\/\/ingenieriaprocon.com\/fr\/wp-json\/wp\/v2\/media?parent=7221"}],"curies":[{"name":"wp","href":"https:\/\/api.w.org\/{rel}","templated":true}]}}